{"id":6010,"date":"2019-07-02T13:56:51","date_gmt":"2019-07-02T11:56:51","guid":{"rendered":"http:\/\/emedev.webs7.uvigo.es\/el-centro\/difusion\/"},"modified":"2024-10-08T13:33:33","modified_gmt":"2024-10-08T11:33:33","slug":"divulgacion","status":"publish","type":"page","link":"https:\/\/minaseenerxia.uvigo.es\/es\/divulgacion\/actividades-para-centros-educativos\/divulgacion\/","title":{"rendered":"Nuestras propuestas para centros educativos"},"content":{"rendered":"<p><strong>\u00bfQuieres estudiar ingenier\u00eda de los recursos mineros y energ\u00e9ticos?&#8230;<\/strong><\/p>\n<div class=\"embed-responsive embed-responsive-16by9\"><iframe src=\"https:\/\/www.youtube.com\/embed\/gX9YAAEvCq0\" frameborder=\"0\" allowfullscreen=\"allowfullscreen\"><\/iframe><\/div>\n<p>&nbsp;<\/p>\n<p><strong>&#8230;o \u00bfingenier\u00eda de la energ\u00eda?<\/strong><\/p>\n<div class=\"embed-responsive embed-responsive-16by9\"><iframe src=\"https:\/\/www.youtube.com\/embed\/bLANWeOFKX8\" frameborder=\"0\" allowfullscreen=\"allowfullscreen\"><\/iframe><\/div>\n<p>&nbsp;<\/p>\n<p>Uno de nuestros objetivos es despertar la curiosidad e involucrar a la ciudadan\u00eda a trav\u00e9s de actividades de divulgaci\u00f3n y difusi\u00f3n basadas en contenidos documentados por el profesorado de la EME con un lenguaje riguroso pero pr\u00f3ximo.<\/p>\n<p>Para hacer accesible el conocimiento cient\u00edfico a la sociedad en general y a los alumnos de <b>Educaci\u00f3n Secundaria, Bachillerato y Formaci\u00f3n Profesional<\/b> en particular, la Escola de Enxe\u00f1aria de Minas e Enerx\u00eda ofrece un conjunto de actividades con unos contenidos asociados a la energ\u00eda, los materiales y el medio ambiente, temas todos ellos relacionados de forma directa con los grados que se imparten en nuestro centro: El <a href=\"\/es\/estudios\/grado-en-irme\">Grado en Enxe\u00f1ar\u00eda dos Recursos Mineiros e Enerx\u00e9ticos<\/a> y el\u00a0<a href=\"\/es\/estudios\/grado-en-ie\">Grado en Enxe\u00f1ar\u00eda da Enerx\u00eda<\/a>.<\/p>\n<h2>Actividades que organizamos<\/h2>\n<ul class=\"list-peak\" style=\"margin-top: 10px;\">\n<li><a href=\"\/es\/divulgacion\/actividades-para-centros-educativos\/coleccion-de-minerais-manuel-de-sas-de-la-encina\/\">Colecci\u00f3n de minerales Manuel de Sas de la Encina<\/a><\/li>\n<li><a href=\"\/es\/divulgacion\/actividades-para-centros-educativos\/coleccion-de-minerais-manuel-de-sas-de-la-encina\/obradoiro-de-reconecemento-de-minerais\/\">Taller de reconocimiento de minerales<\/a><\/li>\n<li><a href=\"\/es\/divulgacion\/actividades-para-centros-educativos\/aula-aberta-a-tecnociencia\/\">Aula Abierta a la Tecnociencia<\/a><\/li>\n<li><a href=\"\/es\/divulgacion\/actividades-para-centros-educativos\/conferencias-tematicas\/\">Conferencias tem\u00e1ticas<\/a><\/li>\n<li><a href=\"\/es\/divulgacion\/actividades-para-centros-educativos\/xornada-de-portas-abertas\/\">Jornadas de Puertas Abiertas<\/a><\/li>\n<li><a href=\"\/es\/divulgacion\/actividades-para-centros-educativos\/stembach\/\">STEMbach<\/a><\/li>\n<li><a href=\"\/es\/divulgacion\/actividades-para-centros-educativos\/eme-minerais\/\">EME-minerales<\/a><\/li>\n<li><a href=\"\/es\/divulgacion\/actividades-para-centros-educativos\/exposicion-itinerante\/\">Exposici\u00f3n itinerante<\/a><\/li>\n<\/ul>\n<h2>Actividades con las que colaboramos<\/h2>\n<ul class=\"list-peak\" style=\"margin-top: 10px;\">\n<li><a href=\"\/es\/divulgacion\/actividades-coas-que-colaboramos\/feiras-de-minerais\/\">Feiras de minerais<\/a><\/li>\n<li><a href=\"\/es\/divulgacion\/outras-actividades\/olimpiada-de-xeoloxia\/\">Olimpiada de Xeolox\u00eda<\/a><\/li>\n<li><a href=\"\/es\/divulgacion\/actividades-coas-que-colaboramos\/g-night\/\">G-Night<\/a><\/li>\n<li><a href=\"\/es\/divulgacion\/outras-actividades\/ciencia-de-ida-e-volta\/\">Ciencia de ida e volta<\/a><\/li>\n<li><a href=\"\/es\/divulgacion\/outras-actividades\/proxecto-la-caja-sostenible\/\">Proyecto &#8220;La caja sostenible&#8221;<\/a><\/li>\n<\/ul>\n<p>&nbsp;<\/p>\n<div class=\"jumbotron\">\n<h3>Coordinaci\u00f3n de actividades<\/h3>\n<p><strong>Raquel P\u00e9rez Orozco<br \/>\n<\/strong> +34 986 813 423<br \/>\n<a href=\"mailto:eme@uvigo.es\">eme@uvigo.es<\/a><\/p>\n<\/div>\n","protected":false},"excerpt":{"rendered":"<p>\u00bfQuieres estudiar ingenier\u00eda de los recursos mineros y energ\u00e9ticos?&#8230; &nbsp; &#8230;o \u00bfingenier\u00eda de la energ\u00eda? &nbsp; Uno de nuestros objetivos es despertar la curiosidad e &hellip; <a class=\"excerpt_more\" href=\"https:\/\/minaseenerxia.uvigo.es\/es\/divulgacion\/actividades-para-centros-educativos\/divulgacion\/\">Contin\u00faa<\/a><\/p>\n","protected":false},"author":8,"featured_media":0,"parent":265628,"menu_order":1,"comment_status":"closed","ping_status":"closed","template":"","meta":{"_acf_changed":false,"footnotes":""},"class_list":["post-6010","page","type-page","status-publish","hentry"],"acf":[],"yoast_head":"<title>Nuestras propuestas para centros educativos | Escola de Enxe\u00f1ar\u00eda de Minas e Enerx\u00eda<\/title>\n<meta name=\"robots\" content=\"index, follow, max-snippet:-1, max-image-preview:large, max-video-preview:-1\" \/>\n<link rel=\"canonical\" href=\"https:\/\/minaseenerxia.uvigo.es\/es\/divulgacion\/actividades-para-centros-educativos\/divulgacion\/\" \/>\n<meta property=\"og:locale\" content=\"es_ES\" \/>\n<meta property=\"og:type\" content=\"article\" \/>\n<meta property=\"og:title\" content=\"Nuestras propuestas para centros educativos | Escola de Enxe\u00f1ar\u00eda de Minas e Enerx\u00eda\" \/>\n<meta property=\"og:description\" content=\"\u00bfQuieres estudiar ingenier\u00eda de los recursos mineros y energ\u00e9ticos?&#8230; &nbsp; &#8230;o \u00bfingenier\u00eda de la energ\u00eda? &nbsp; Uno de nuestros objetivos es despertar la curiosidad e &hellip; Contin\u00faa\" \/>\n<meta property=\"og:url\" content=\"https:\/\/minaseenerxia.uvigo.es\/es\/divulgacion\/actividades-para-centros-educativos\/divulgacion\/\" \/>\n<meta property=\"og:site_name\" content=\"Escola de Enxe\u00f1ar\u00eda de Minas e Enerx\u00eda\" \/>\n<meta property=\"article:modified_time\" content=\"2024-10-08T11:33:33+00:00\" \/>\n<meta name=\"twitter:card\" content=\"summary_large_image\" \/>\n<meta name=\"twitter:label1\" content=\"Est. reading time\" \/>\n\t<meta name=\"twitter:data1\" content=\"2 minutes\" \/>\n<script type=\"application\/ld+json\" class=\"yoast-schema-graph\">{\"@context\":\"https:\/\/schema.org\",\"@graph\":[{\"@type\":\"WebPage\",\"@id\":\"https:\/\/minaseenerxia.uvigo.es\/es\/divulgacion\/actividades-para-centros-educativos\/divulgacion\/\",\"url\":\"https:\/\/minaseenerxia.uvigo.es\/es\/divulgacion\/actividades-para-centros-educativos\/divulgacion\/\",\"name\":\"Nuestras propuestas para centros educativos | Escola de Enxe\u00f1ar\u00eda de Minas e Enerx\u00eda\",\"isPartOf\":{\"@id\":\"https:\/\/minaseenerxia.uvigo.es\/es\/#website\"},\"datePublished\":\"2019-07-02T11:56:51+00:00\",\"dateModified\":\"2024-10-08T11:33:33+00:00\",\"breadcrumb\":{\"@id\":\"https:\/\/minaseenerxia.uvigo.es\/es\/divulgacion\/actividades-para-centros-educativos\/divulgacion\/#breadcrumb\"},\"inLanguage\":\"es-ES\",\"potentialAction\":[{\"@type\":\"ReadAction\",\"target\":[\"https:\/\/minaseenerxia.uvigo.es\/es\/divulgacion\/actividades-para-centros-educativos\/divulgacion\/\"]}]},{\"@type\":\"BreadcrumbList\",\"@id\":\"https:\/\/minaseenerxia.uvigo.es\/es\/divulgacion\/actividades-para-centros-educativos\/divulgacion\/#breadcrumb\",\"itemListElement\":[{\"@type\":\"ListItem\",\"position\":1,\"name\":\"Divulgaci\u00f3n\",\"item\":\"https:\/\/minaseenerxia.uvigo.es\/es\/divulgacion\/\"},{\"@type\":\"ListItem\",\"position\":2,\"name\":\"Actividades para centros educativos\",\"item\":\"https:\/\/minaseenerxia.uvigo.es\/es\/divulgacion\/actividades-para-centros-educativos\/\"},{\"@type\":\"ListItem\",\"position\":3,\"name\":\"Nuestras propuestas para centros educativos\"}]},{\"@type\":\"WebSite\",\"@id\":\"https:\/\/minaseenerxia.uvigo.es\/es\/#website\",\"url\":\"https:\/\/minaseenerxia.uvigo.es\/es\/\",\"name\":\"Escola de Enxe\u00f1ar\u00eda de Minas e Enerx\u00eda\",\"description\":\"Sitio web da emE\",\"publisher\":{\"@id\":\"https:\/\/minaseenerxia.uvigo.es\/es\/#organization\"},\"potentialAction\":[{\"@type\":\"SearchAction\",\"target\":{\"@type\":\"EntryPoint\",\"urlTemplate\":\"https:\/\/minaseenerxia.uvigo.es\/es\/?s={search_term_string}\"},\"query-input\":{\"@type\":\"PropertyValueSpecification\",\"valueRequired\":true,\"valueName\":\"search_term_string\"}}],\"inLanguage\":\"es-ES\"},{\"@type\":\"Organization\",\"@id\":\"https:\/\/minaseenerxia.uvigo.es\/es\/#organization\",\"name\":\"Escola de Enxe\u00f1ar\u00eda de Minas e Enerx\u00eda\",\"url\":\"https:\/\/minaseenerxia.uvigo.es\/es\/\",\"logo\":{\"@type\":\"ImageObject\",\"inLanguage\":\"es-ES\",\"@id\":\"https:\/\/minaseenerxia.uvigo.es\/es\/#\/schema\/logo\/image\/\",\"url\":\"https:\/\/minaseenerxia.uvigo.es\/wp-content\/uploads\/2024\/07\/logo-eeme.png\",\"contentUrl\":\"https:\/\/minaseenerxia.uvigo.es\/wp-content\/uploads\/2024\/07\/logo-eeme.png\",\"width\":998,\"height\":450,\"caption\":\"Escola de Enxe\u00f1ar\u00eda de Minas e Enerx\u00eda\"},\"image\":{\"@id\":\"https:\/\/minaseenerxia.uvigo.es\/es\/#\/schema\/logo\/image\/\"}}]}<\/script>","yoast_head_json":{"title":"Nuestras propuestas para centros educativos | Escola de Enxe\u00f1ar\u00eda de Minas e Enerx\u00eda","robots":{"index":"index","follow":"follow","max-snippet":"max-snippet:-1","max-image-preview":"max-image-preview:large","max-video-preview":"max-video-preview:-1"},"canonical":"https:\/\/minaseenerxia.uvigo.es\/es\/divulgacion\/actividades-para-centros-educativos\/divulgacion\/","og_locale":"es_ES","og_type":"article","og_title":"Nuestras propuestas para centros educativos | Escola de Enxe\u00f1ar\u00eda de Minas e Enerx\u00eda","og_description":"\u00bfQuieres estudiar ingenier\u00eda de los recursos mineros y energ\u00e9ticos?&#8230; &nbsp; &#8230;o \u00bfingenier\u00eda de la energ\u00eda? &nbsp; Uno de nuestros objetivos es despertar la curiosidad e &hellip; Contin\u00faa","og_url":"https:\/\/minaseenerxia.uvigo.es\/es\/divulgacion\/actividades-para-centros-educativos\/divulgacion\/","og_site_name":"Escola de Enxe\u00f1ar\u00eda de Minas e Enerx\u00eda","article_modified_time":"2024-10-08T11:33:33+00:00","twitter_card":"summary_large_image","twitter_misc":{"Est. reading time":"2 minutes"},"schema":{"@context":"https:\/\/schema.org","@graph":[{"@type":"WebPage","@id":"https:\/\/minaseenerxia.uvigo.es\/es\/divulgacion\/actividades-para-centros-educativos\/divulgacion\/","url":"https:\/\/minaseenerxia.uvigo.es\/es\/divulgacion\/actividades-para-centros-educativos\/divulgacion\/","name":"Nuestras propuestas para centros educativos | Escola de Enxe\u00f1ar\u00eda de Minas e Enerx\u00eda","isPartOf":{"@id":"https:\/\/minaseenerxia.uvigo.es\/es\/#website"},"datePublished":"2019-07-02T11:56:51+00:00","dateModified":"2024-10-08T11:33:33+00:00","breadcrumb":{"@id":"https:\/\/minaseenerxia.uvigo.es\/es\/divulgacion\/actividades-para-centros-educativos\/divulgacion\/#breadcrumb"},"inLanguage":"es-ES","potentialAction":[{"@type":"ReadAction","target":["https:\/\/minaseenerxia.uvigo.es\/es\/divulgacion\/actividades-para-centros-educativos\/divulgacion\/"]}]},{"@type":"BreadcrumbList","@id":"https:\/\/minaseenerxia.uvigo.es\/es\/divulgacion\/actividades-para-centros-educativos\/divulgacion\/#breadcrumb","itemListElement":[{"@type":"ListItem","position":1,"name":"Divulgaci\u00f3n","item":"https:\/\/minaseenerxia.uvigo.es\/es\/divulgacion\/"},{"@type":"ListItem","position":2,"name":"Actividades para centros educativos","item":"https:\/\/minaseenerxia.uvigo.es\/es\/divulgacion\/actividades-para-centros-educativos\/"},{"@type":"ListItem","position":3,"name":"Nuestras propuestas para centros educativos"}]},{"@type":"WebSite","@id":"https:\/\/minaseenerxia.uvigo.es\/es\/#website","url":"https:\/\/minaseenerxia.uvigo.es\/es\/","name":"Escola de Enxe\u00f1ar\u00eda de Minas e Enerx\u00eda","description":"Sitio web da emE","publisher":{"@id":"https:\/\/minaseenerxia.uvigo.es\/es\/#organization"},"potentialAction":[{"@type":"SearchAction","target":{"@type":"EntryPoint","urlTemplate":"https:\/\/minaseenerxia.uvigo.es\/es\/?s={search_term_string}"},"query-input":{"@type":"PropertyValueSpecification","valueRequired":true,"valueName":"search_term_string"}}],"inLanguage":"es-ES"},{"@type":"Organization","@id":"https:\/\/minaseenerxia.uvigo.es\/es\/#organization","name":"Escola de Enxe\u00f1ar\u00eda de Minas e Enerx\u00eda","url":"https:\/\/minaseenerxia.uvigo.es\/es\/","logo":{"@type":"ImageObject","inLanguage":"es-ES","@id":"https:\/\/minaseenerxia.uvigo.es\/es\/#\/schema\/logo\/image\/","url":"https:\/\/minaseenerxia.uvigo.es\/wp-content\/uploads\/2024\/07\/logo-eeme.png","contentUrl":"https:\/\/minaseenerxia.uvigo.es\/wp-content\/uploads\/2024\/07\/logo-eeme.png","width":998,"height":450,"caption":"Escola de Enxe\u00f1ar\u00eda de Minas e Enerx\u00eda"},"image":{"@id":"https:\/\/minaseenerxia.uvigo.es\/es\/#\/schema\/logo\/image\/"}}]}},"_links":{"self":[{"href":"https:\/\/minaseenerxia.uvigo.es\/es\/wp-json\/wp\/v2\/pages\/6010"}],"collection":[{"href":"https:\/\/minaseenerxia.uvigo.es\/es\/wp-json\/wp\/v2\/pages"}],"about":[{"href":"https:\/\/minaseenerxia.uvigo.es\/es\/wp-json\/wp\/v2\/types\/page"}],"author":[{"embeddable":true,"href":"https:\/\/minaseenerxia.uvigo.es\/es\/wp-json\/wp\/v2\/users\/8"}],"replies":[{"embeddable":true,"href":"https:\/\/minaseenerxia.uvigo.es\/es\/wp-json\/wp\/v2\/comments?post=6010"}],"version-history":[{"count":7,"href":"https:\/\/minaseenerxia.uvigo.es\/es\/wp-json\/wp\/v2\/pages\/6010\/revisions"}],"predecessor-version":[{"id":266666,"href":"https:\/\/minaseenerxia.uvigo.es\/es\/wp-json\/wp\/v2\/pages\/6010\/revisions\/266666"}],"up":[{"embeddable":true,"href":"https:\/\/minaseenerxia.uvigo.es\/es\/wp-json\/wp\/v2\/pages\/265628"}],"wp:attachment":[{"href":"https:\/\/minaseenerxia.uvigo.es\/es\/wp-json\/wp\/v2\/media?parent=6010"}],"curies":[{"name":"wp","href":"https:\/\/api.w.org\/{rel}","templated":true}]}}