{"id":2265,"date":"2015-01-30T11:57:01","date_gmt":"2015-01-30T10:57:01","guid":{"rendered":"http:\/\/fcce.webs.uvigo.es\/calidade\/sgic\/resultados-de-medicion\/"},"modified":"2023-08-15T00:18:07","modified_gmt":"2023-08-14T22:18:07","slug":"resultados-de-medicion","status":"publish","type":"page","link":"https:\/\/minaseenerxia.uvigo.es\/es\/escuela\/calidad\/sistema-de-garantia-de-calidad\/resultados-de-medicion\/","title":{"rendered":"Resultados de medici\u00f3n"},"content":{"rendered":"<h2>Resultados acad\u00e9micos<\/h2>\n<p><strong>Informe de Revisi\u00f3n por la Direcci\u00f3n<\/strong><\/p>\n<ul class=\"list-peak\">\n<li><a href=\"\/images\/docs\/calidade\/evidencias\/R1_DE-03_P1_2021-22.pdf\" target=\"_blank\" rel=\"noopener noreferrer\">2021\/2022<\/a> | <a href=\"\/images\/docs\/calidade\/evidencias\/R1_DE-03_P1_2020-21.pdf\" target=\"_blank\" rel=\"noopener noreferrer\">2020\/2021<\/a> | <a href=\"\/images\/docs\/calidade\/evidencias\/R1_DE-03_P1_2019-20.pdf\" target=\"_blank\" rel=\"noopener noreferrer\">2019\/2020<\/a> | <a href=\"\/images\/docs\/calidade\/evidencias\/R1_DE-03_P1_2018-19.pdf\" target=\"_blank\" rel=\"noopener noreferrer\">2018\/2019<\/a> |\u00a0<a href=\"\/images\/docs\/calidade\/evidencias\/R1_DE-03_P1_2017-18.pdf\" target=\"_blank\" rel=\"noopener noreferrer\">2017\/2018<\/a> | <a href=\"\/images\/docs\/calidade\/evidencias\/R1_DE-03_P1_2016-17.pdf\" target=\"_blank\" rel=\"noopener noreferrer\">2016\/2017<\/a> | <a href=\"\/images\/docs\/calidade\/evidencias\/R1_DE-03_P1_2015-16.pdf\" target=\"_blank\" rel=\"noopener noreferrer\">2015\/2016<\/a> | <a href=\"\/images\/docs\/calidade\/evidencias\/R1_DE-03_P1_2014-15.pdf\" target=\"_blank\" rel=\"noopener noreferrer\">2014\/2015<\/a><\/li>\n<\/ul>\n<p><strong>Informe anual de resultados<\/strong><\/p>\n<ul class=\"list-peak\">\n<li><a href=\"\/images\/docs\/calidade\/evidencias\/IT01-PM01_2013-14.pdf\" target=\"_blank\" rel=\"noopener noreferrer\">2013\/2014<\/a> | <a href=\"\/images\/docs\/calidade\/evidencias\/IT01-PM01_2012-13.pdf\" target=\"_blank\" rel=\"noopener noreferrer\">2012\/2013<\/a> | <a href=\"\/images\/docs\/calidade\/evidencias\/IT01-PM01_2011-12.pdf\" target=\"_blank\" rel=\"noopener noreferrer\">2011\/2012<\/a> | <a href=\"\/images\/docs\/calidade\/evidencias\/IT01-PM01_2010-11.pdf\" target=\"_blank\" rel=\"noopener noreferrer\">2010\/2011<\/a><\/li>\n<\/ul>\n<p>&nbsp;<\/p>\n<h3>Tasas acad\u00e9micas<\/h3>\n<p>Consulta la informaci\u00f3n disponible en el\u00a0<a href=\"https:\/\/secretaria.uvigo.gal\/uv\/web\/transparencia\/grupo\/show\/5\/51\" target=\"_blank\" rel=\"noopener noreferrer\">Portal de Transparencia<\/a><br \/>\n<!--\n[tabs type=\"tabs\"]\n\n[tab title=\"2019\/20\" active fade]\n\n<small>REND.: Rendimiento | ABAN.: Abandono | EFIC.: Eficiencia | GRAD.: Graduaci\u00f3n\n(valores porcentuales)<\/small>\n\n\n<table>\n\n\n<thead>\n\n\n<tr>\n\n\n<th>Titulaci\u00f3n<\/th>\n\n\n\n\n<th>Rend.<\/th>\n\n\n\n\n<th>Aban.<\/th>\n\n\n\n\n<th>Efic.<\/th>\n\n\n\n\n<th>Grad.<\/th>\n\n\n\n\n<th>\u00c9xito<\/th>\n\n\n<\/tr>\n\n\n<\/thead>\n\n\n\n\n<tbody>\n\n\n<tr>\n\n\n<td>Grado en Ingenier\u00eda de los Recursos Mineros y Energ\u00e9ticos<\/td>\n\n\n\n\n<td>54,63<\/td>\n\n\n\n\n<td>61,54<\/td>\n\n\n\n\n<td>60,11<\/td>\n\n\n\n\n<td>0,00<\/td>\n\n\n\n\n<td>75,06<\/td>\n\n\n<\/tr>\n\n\n\n\n<tr>\n\n\n<td>Grado en Ingenier\u00eda de la Energ\u00eda<\/td>\n\n\n\n\n<td>64,67<\/td>\n\n\n\n\n<td>30,00<\/td>\n\n\n\n\n<td>84,18<\/td>\n\n\n\n\n<td>36,73<\/td>\n\n\n\n\n<td>78,23<\/td>\n\n\n<\/tr>\n\n\n\n\n<tr>\n\n\n<td>M\u00e1ster en Ingenier\u00eda de Minas<\/td>\n\n\n\n\n<td>81,00<\/td>\n\n\n\n\n<td>0,00<\/td>\n\n\n\n\n<td>83,00<\/td>\n\n\n\n\n<td>77,00<\/td>\n\n\n\n\n<td>98,00<\/td>\n\n\n<\/tr>\n\n\n<\/tbody>\n\n\n<\/table>\n\n\n[\/tab]\n\n\n[tab title=\"2018\/2019\" active fade]\n\n<small>REND.: Rendimiento | ABAN.: Abandono | EFIC.: Eficiencia | GRAD.: Graduaci\u00f3n\n(valores porcentuales)<\/small>\n\n\n<table>\n\n\n<thead>\n\n\n<tr>\n\n\n<th>Titulaci\u00f3n<\/th>\n\n\n\n\n<th>Rend.<\/th>\n\n\n\n\n<th>Aban.<\/th>\n\n\n\n\n<th>Efic.<\/th>\n\n\n\n\n<th>Grad.<\/th>\n\n\n\n\n<th>\u00c9xito<\/th>\n\n\n<\/tr>\n\n\n<\/thead>\n\n\n\n\n<tbody>\n\n\n<tr>\n\n\n<td>Grado en Ingenier\u00eda de los Recursos Mineros y Energ\u00e9ticos<\/td>\n\n\n\n\n<td>47,71<\/td>\n\n\n\n\n<td>52,63<\/td>\n\n\n\n\n<td>72,29<\/td>\n\n\n\n\n<td>13,89<\/td>\n\n\n\n\n<td>74,71<\/td>\n\n\n<\/tr>\n\n\n\n\n<tr>\n\n\n<td>Grado en Ingenier\u00eda de la Energ\u00eda<\/td>\n\n\n\n\n<td>54,74<\/td>\n\n\n\n\n<td>17,74<\/td>\n\n\n\n\n<td>84,64<\/td>\n\n\n\n\n<td>67,31<\/td>\n\n\n\n\n<td>71,52<\/td>\n\n\n<\/tr>\n\n\n\n\n<tr>\n\n\n<td>M\u00e1ster en Ingenier\u00eda de Minas<\/td>\n\n\n\n\n<td>80,00<\/td>\n\n\n\n\n<td>6,67<\/td>\n\n\n\n\n<td>96,00<\/td>\n\n\n\n\n<td>73,00<\/td>\n\n\n\n\n<td>99,00<\/td>\n\n\n<\/tr>\n\n\n<\/tbody>\n\n\n<\/table>\n\n\n[\/tab]\n[tab title=\"2017\/2018\"]\n\n<small>REND.: Rendimiento | ABAN.: Abandono | EFIC.: Eficiencia | GRAD.: Graduaci\u00f3n\n(valores porcentuales)<\/small>\n\n\n<table>\n\n\n<thead>\n\n\n<tr>\n\n\n<th>Titulaci\u00f3n<\/th>\n\n\n\n\n<th>Rend.<\/th>\n\n\n\n\n<th>Aban.<\/th>\n\n\n\n\n<th>Efic.<\/th>\n\n\n\n\n<th>Grad.<\/th>\n\n\n\n\n<th>\u00c9xito<\/th>\n\n\n<\/tr>\n\n\n<\/thead>\n\n\n\n\n<tbody>\n\n\n<tr>\n\n\n<td>Grado en Ingenier\u00eda de los Recursos Mineros y Energ\u00e9ticos<\/td>\n\n\n\n\n<td>45,95<\/td>\n\n\n\n\n<td>66,67<\/td>\n\n\n\n\n<td>76,48<\/td>\n\n\n\n\n<td>12,77<\/td>\n\n\n\n\n<td>67,67<\/td>\n\n\n<\/tr>\n\n\n\n\n<tr>\n\n\n<td>Grado en Ingenier\u00eda de la Energ\u00eda<\/td>\n\n\n\n\n<td>60,78<\/td>\n\n\n\n\n<td>18,57<\/td>\n\n\n\n\n<td>89,97<\/td>\n\n\n\n\n<td>70,59<\/td>\n\n\n\n\n<td>75,90<\/td>\n\n\n<\/tr>\n\n\n\n\n<tr>\n\n\n<td>M\u00e1ster en Ingenier\u00eda de Minas<\/td>\n\n\n\n\n<td>90,00<\/td>\n\n\n\n\n<td>0,00<\/td>\n\n\n\n\n<td>93,00<\/td>\n\n\n\n\n<td>95,00<\/td>\n\n\n\n\n<td>97,00<\/td>\n\n\n<\/tr>\n\n\n\n\n<tr>\n\n\n<td>M\u00e1ster en Geoinform\u00e1tica<\/td>\n\n\n\n\n<td>53,00<\/td>\n\n\n\n\n<td>7,69<\/td>\n\n\n\n\n<td>86,00<\/td>\n\n\n\n\n<td>75,00<\/td>\n\n\n\n\n<td>90,00<\/td>\n\n\n<\/tr>\n\n\n<\/tbody>\n\n\n<\/table>\n\n\n[\/tab]\n[tab title=\"2016\/2017\"]\n\n<small>REND.: Rendimiento | ABAN.: Abandono | EFIC.: Eficiencia | GRAD.: Graduaci\u00f3n\n(valores porcentuales)<\/small>\n\n\n<table>\n\n\n<thead>\n\n\n<tr>\n\n\n<th>Titulaci\u00f3n<\/th>\n\n\n\n\n<th>Rend.<\/th>\n\n\n\n\n<th>Aban.<\/th>\n\n\n\n\n<th>Efic.<\/th>\n\n\n\n\n<th>Grad.<\/th>\n\n\n\n\n<th>\u00c9xito<\/th>\n\n\n<\/tr>\n\n\n<\/thead>\n\n\n\n\n<tbody>\n\n\n<tr>\n\n\n<td>Grado en Ingenier\u00eda de los Recursos Mineros y Energ\u00e9ticos<\/td>\n\n\n\n\n<td>52,13<\/td>\n\n\n\n\n<td>44,44<\/td>\n\n\n\n\n<td>79,89<\/td>\n\n\n\n\n<td>25,00<\/td>\n\n\n\n\n<td>68,40<\/td>\n\n\n<\/tr>\n\n\n\n\n<tr>\n\n\n<td>Grado en Ingenier\u00eda de la Energ\u00eda<\/td>\n\n\n\n\n<td>67,89<\/td>\n\n\n\n\n<td>9,62<\/td>\n\n\n\n\n<td>94,00<\/td>\n\n\n\n\n<td>87,35<\/td>\n\n\n\n\n<td>77,29<\/td>\n\n\n<\/tr>\n\n\n\n\n<tr>\n\n\n<td>M\u00e1ster en Ingenier\u00eda de Minas<\/td>\n\n\n\n\n<td>87,70<\/td>\n\n\n\n\n<td>-<\/td>\n\n\n\n\n<td>97,14<\/td>\n\n\n\n\n<td>75,00<\/td>\n\n\n\n\n<td>97,85<\/td>\n\n\n<\/tr>\n\n\n\n\n<tr>\n\n\n<td>M\u00e1ster en Geoinform\u00e1tica<\/td>\n\n\n\n\n<td>57,27<\/td>\n\n\n\n\n<td>-<\/td>\n\n\n\n\n<td>80,52<\/td>\n\n\n\n\n<td>76,92<\/td>\n\n\n\n\n<td>95,45<\/td>\n\n\n<\/tr>\n\n\n<\/tbody>\n\n\n<\/table>\n\n\n[\/tab]\n[\/tabs]\n--><\/p>\n","protected":false},"excerpt":{"rendered":"<p>Resultados acad\u00e9micos Informe de Revisi\u00f3n por la Direcci\u00f3n 2021\/2022 | 2020\/2021 | 2019\/2020 | 2018\/2019 |\u00a02017\/2018 | 2016\/2017 | 2015\/2016 | 2014\/2015 Informe anual de &hellip; <a class=\"excerpt_more\" href=\"https:\/\/minaseenerxia.uvigo.es\/es\/escuela\/calidad\/sistema-de-garantia-de-calidad\/resultados-de-medicion\/\">Contin\u00faa<\/a><\/p>\n","protected":false},"author":8,"featured_media":0,"parent":2260,"menu_order":8,"comment_status":"closed","ping_status":"closed","template":"","meta":{"_acf_changed":false,"footnotes":""},"class_list":["post-2265","page","type-page","status-publish","hentry"],"acf":[],"yoast_head":"<title>Resultados de medici\u00f3n | Escola de Enxe\u00f1ar\u00eda de Minas e Enerx\u00eda<\/title>\n<meta name=\"robots\" content=\"index, follow, max-snippet:-1, max-image-preview:large, max-video-preview:-1\" \/>\n<link rel=\"canonical\" href=\"https:\/\/minaseenerxia.uvigo.es\/es\/escuela\/calidad\/sistema-de-garantia-de-calidad\/resultados-de-medicion\/\" \/>\n<meta property=\"og:locale\" content=\"es_ES\" \/>\n<meta property=\"og:type\" content=\"article\" \/>\n<meta property=\"og:title\" content=\"Resultados de medici\u00f3n | Escola de Enxe\u00f1ar\u00eda de Minas e Enerx\u00eda\" \/>\n<meta property=\"og:description\" content=\"Resultados acad\u00e9micos Informe de Revisi\u00f3n por la Direcci\u00f3n 2021\/2022 | 2020\/2021 | 2019\/2020 | 2018\/2019 |\u00a02017\/2018 | 2016\/2017 | 2015\/2016 | 2014\/2015 Informe anual de &hellip; Contin\u00faa\" \/>\n<meta property=\"og:url\" content=\"https:\/\/minaseenerxia.uvigo.es\/es\/escuela\/calidad\/sistema-de-garantia-de-calidad\/resultados-de-medicion\/\" \/>\n<meta property=\"og:site_name\" content=\"Escola de Enxe\u00f1ar\u00eda de Minas e Enerx\u00eda\" \/>\n<meta property=\"article:modified_time\" content=\"2023-08-14T22:18:07+00:00\" \/>\n<meta name=\"twitter:card\" content=\"summary_large_image\" \/>\n<script type=\"application\/ld+json\" class=\"yoast-schema-graph\">{\"@context\":\"https:\/\/schema.org\",\"@graph\":[{\"@type\":\"WebPage\",\"@id\":\"https:\/\/minaseenerxia.uvigo.es\/es\/escuela\/calidad\/sistema-de-garantia-de-calidad\/resultados-de-medicion\/\",\"url\":\"https:\/\/minaseenerxia.uvigo.es\/es\/escuela\/calidad\/sistema-de-garantia-de-calidad\/resultados-de-medicion\/\",\"name\":\"Resultados de medici\u00f3n | Escola de Enxe\u00f1ar\u00eda de Minas e Enerx\u00eda\",\"isPartOf\":{\"@id\":\"https:\/\/minaseenerxia.uvigo.es\/es\/#website\"},\"datePublished\":\"2015-01-30T10:57:01+00:00\",\"dateModified\":\"2023-08-14T22:18:07+00:00\",\"breadcrumb\":{\"@id\":\"https:\/\/minaseenerxia.uvigo.es\/es\/escuela\/calidad\/sistema-de-garantia-de-calidad\/resultados-de-medicion\/#breadcrumb\"},\"inLanguage\":\"es-ES\",\"potentialAction\":[{\"@type\":\"ReadAction\",\"target\":[\"https:\/\/minaseenerxia.uvigo.es\/es\/escuela\/calidad\/sistema-de-garantia-de-calidad\/resultados-de-medicion\/\"]}]},{\"@type\":\"BreadcrumbList\",\"@id\":\"https:\/\/minaseenerxia.uvigo.es\/es\/escuela\/calidad\/sistema-de-garantia-de-calidad\/resultados-de-medicion\/#breadcrumb\",\"itemListElement\":[{\"@type\":\"ListItem\",\"position\":1,\"name\":\"La Escuela\",\"item\":\"https:\/\/minaseenerxia.uvigo.es\/es\/a-escola\/\"},{\"@type\":\"ListItem\",\"position\":2,\"name\":\"Calidad\",\"item\":\"https:\/\/minaseenerxia.uvigo.es\/es\/a-escola\/calidade\/\"},{\"@type\":\"ListItem\",\"position\":3,\"name\":\"Sistema de Garant\u00eda de Calidad\",\"item\":\"https:\/\/minaseenerxia.uvigo.es\/es\/escuela\/calidad\/sistema-de-garantia-de-calidad\/\"},{\"@type\":\"ListItem\",\"position\":4,\"name\":\"Resultados de medici\u00f3n\"}]},{\"@type\":\"WebSite\",\"@id\":\"https:\/\/minaseenerxia.uvigo.es\/es\/#website\",\"url\":\"https:\/\/minaseenerxia.uvigo.es\/es\/\",\"name\":\"Escola de Enxe\u00f1ar\u00eda de Minas e Enerx\u00eda\",\"description\":\"Sitio web da emE\",\"publisher\":{\"@id\":\"https:\/\/minaseenerxia.uvigo.es\/es\/#organization\"},\"potentialAction\":[{\"@type\":\"SearchAction\",\"target\":{\"@type\":\"EntryPoint\",\"urlTemplate\":\"https:\/\/minaseenerxia.uvigo.es\/es\/?s={search_term_string}\"},\"query-input\":{\"@type\":\"PropertyValueSpecification\",\"valueRequired\":true,\"valueName\":\"search_term_string\"}}],\"inLanguage\":\"es-ES\"},{\"@type\":\"Organization\",\"@id\":\"https:\/\/minaseenerxia.uvigo.es\/es\/#organization\",\"name\":\"Escola de Enxe\u00f1ar\u00eda de Minas e Enerx\u00eda\",\"url\":\"https:\/\/minaseenerxia.uvigo.es\/es\/\",\"logo\":{\"@type\":\"ImageObject\",\"inLanguage\":\"es-ES\",\"@id\":\"https:\/\/minaseenerxia.uvigo.es\/es\/#\/schema\/logo\/image\/\",\"url\":\"https:\/\/minaseenerxia.uvigo.es\/wp-content\/uploads\/2024\/07\/logo-eeme.png\",\"contentUrl\":\"https:\/\/minaseenerxia.uvigo.es\/wp-content\/uploads\/2024\/07\/logo-eeme.png\",\"width\":998,\"height\":450,\"caption\":\"Escola de Enxe\u00f1ar\u00eda de Minas e Enerx\u00eda\"},\"image\":{\"@id\":\"https:\/\/minaseenerxia.uvigo.es\/es\/#\/schema\/logo\/image\/\"}}]}<\/script>","yoast_head_json":{"title":"Resultados de medici\u00f3n | Escola de Enxe\u00f1ar\u00eda de Minas e Enerx\u00eda","robots":{"index":"index","follow":"follow","max-snippet":"max-snippet:-1","max-image-preview":"max-image-preview:large","max-video-preview":"max-video-preview:-1"},"canonical":"https:\/\/minaseenerxia.uvigo.es\/es\/escuela\/calidad\/sistema-de-garantia-de-calidad\/resultados-de-medicion\/","og_locale":"es_ES","og_type":"article","og_title":"Resultados de medici\u00f3n | Escola de Enxe\u00f1ar\u00eda de Minas e Enerx\u00eda","og_description":"Resultados acad\u00e9micos Informe de Revisi\u00f3n por la Direcci\u00f3n 2021\/2022 | 2020\/2021 | 2019\/2020 | 2018\/2019 |\u00a02017\/2018 | 2016\/2017 | 2015\/2016 | 2014\/2015 Informe anual de &hellip; Contin\u00faa","og_url":"https:\/\/minaseenerxia.uvigo.es\/es\/escuela\/calidad\/sistema-de-garantia-de-calidad\/resultados-de-medicion\/","og_site_name":"Escola de Enxe\u00f1ar\u00eda de Minas e Enerx\u00eda","article_modified_time":"2023-08-14T22:18:07+00:00","twitter_card":"summary_large_image","schema":{"@context":"https:\/\/schema.org","@graph":[{"@type":"WebPage","@id":"https:\/\/minaseenerxia.uvigo.es\/es\/escuela\/calidad\/sistema-de-garantia-de-calidad\/resultados-de-medicion\/","url":"https:\/\/minaseenerxia.uvigo.es\/es\/escuela\/calidad\/sistema-de-garantia-de-calidad\/resultados-de-medicion\/","name":"Resultados de medici\u00f3n | Escola de Enxe\u00f1ar\u00eda de Minas e Enerx\u00eda","isPartOf":{"@id":"https:\/\/minaseenerxia.uvigo.es\/es\/#website"},"datePublished":"2015-01-30T10:57:01+00:00","dateModified":"2023-08-14T22:18:07+00:00","breadcrumb":{"@id":"https:\/\/minaseenerxia.uvigo.es\/es\/escuela\/calidad\/sistema-de-garantia-de-calidad\/resultados-de-medicion\/#breadcrumb"},"inLanguage":"es-ES","potentialAction":[{"@type":"ReadAction","target":["https:\/\/minaseenerxia.uvigo.es\/es\/escuela\/calidad\/sistema-de-garantia-de-calidad\/resultados-de-medicion\/"]}]},{"@type":"BreadcrumbList","@id":"https:\/\/minaseenerxia.uvigo.es\/es\/escuela\/calidad\/sistema-de-garantia-de-calidad\/resultados-de-medicion\/#breadcrumb","itemListElement":[{"@type":"ListItem","position":1,"name":"La Escuela","item":"https:\/\/minaseenerxia.uvigo.es\/es\/a-escola\/"},{"@type":"ListItem","position":2,"name":"Calidad","item":"https:\/\/minaseenerxia.uvigo.es\/es\/a-escola\/calidade\/"},{"@type":"ListItem","position":3,"name":"Sistema de Garant\u00eda de Calidad","item":"https:\/\/minaseenerxia.uvigo.es\/es\/escuela\/calidad\/sistema-de-garantia-de-calidad\/"},{"@type":"ListItem","position":4,"name":"Resultados de medici\u00f3n"}]},{"@type":"WebSite","@id":"https:\/\/minaseenerxia.uvigo.es\/es\/#website","url":"https:\/\/minaseenerxia.uvigo.es\/es\/","name":"Escola de Enxe\u00f1ar\u00eda de Minas e Enerx\u00eda","description":"Sitio web da emE","publisher":{"@id":"https:\/\/minaseenerxia.uvigo.es\/es\/#organization"},"potentialAction":[{"@type":"SearchAction","target":{"@type":"EntryPoint","urlTemplate":"https:\/\/minaseenerxia.uvigo.es\/es\/?s={search_term_string}"},"query-input":{"@type":"PropertyValueSpecification","valueRequired":true,"valueName":"search_term_string"}}],"inLanguage":"es-ES"},{"@type":"Organization","@id":"https:\/\/minaseenerxia.uvigo.es\/es\/#organization","name":"Escola de Enxe\u00f1ar\u00eda de Minas e Enerx\u00eda","url":"https:\/\/minaseenerxia.uvigo.es\/es\/","logo":{"@type":"ImageObject","inLanguage":"es-ES","@id":"https:\/\/minaseenerxia.uvigo.es\/es\/#\/schema\/logo\/image\/","url":"https:\/\/minaseenerxia.uvigo.es\/wp-content\/uploads\/2024\/07\/logo-eeme.png","contentUrl":"https:\/\/minaseenerxia.uvigo.es\/wp-content\/uploads\/2024\/07\/logo-eeme.png","width":998,"height":450,"caption":"Escola de Enxe\u00f1ar\u00eda de Minas e Enerx\u00eda"},"image":{"@id":"https:\/\/minaseenerxia.uvigo.es\/es\/#\/schema\/logo\/image\/"}}]}},"_links":{"self":[{"href":"https:\/\/minaseenerxia.uvigo.es\/es\/wp-json\/wp\/v2\/pages\/2265"}],"collection":[{"href":"https:\/\/minaseenerxia.uvigo.es\/es\/wp-json\/wp\/v2\/pages"}],"about":[{"href":"https:\/\/minaseenerxia.uvigo.es\/es\/wp-json\/wp\/v2\/types\/page"}],"author":[{"embeddable":true,"href":"https:\/\/minaseenerxia.uvigo.es\/es\/wp-json\/wp\/v2\/users\/8"}],"replies":[{"embeddable":true,"href":"https:\/\/minaseenerxia.uvigo.es\/es\/wp-json\/wp\/v2\/comments?post=2265"}],"version-history":[{"count":0,"href":"https:\/\/minaseenerxia.uvigo.es\/es\/wp-json\/wp\/v2\/pages\/2265\/revisions"}],"up":[{"embeddable":true,"href":"https:\/\/minaseenerxia.uvigo.es\/es\/wp-json\/wp\/v2\/pages\/2260"}],"wp:attachment":[{"href":"https:\/\/minaseenerxia.uvigo.es\/es\/wp-json\/wp\/v2\/media?parent=2265"}],"curies":[{"name":"wp","href":"https:\/\/api.w.org\/{rel}","templated":true}]}}