{"id":2234,"date":"2015-01-27T14:55:18","date_gmt":"2015-01-27T13:55:18","guid":{"rendered":"http:\/\/fcce.webs.uvigo.es\/alumnado\/plan-de-accion-titorial\/"},"modified":"2026-02-23T13:35:01","modified_gmt":"2026-02-23T12:35:01","slug":"plan-de-accion-tutorial","status":"publish","type":"page","link":"https:\/\/minaseenerxia.uvigo.es\/es\/estudantes\/orientacion\/orientacion-al-estudiantado\/plan-de-accion-tutorial\/","title":{"rendered":"Plan de Acci\u00f3n Tutorial"},"content":{"rendered":"<p>El Plan de Acci\u00f3n Tutorial (PAT) de la EME recoge un conjunto de actuaciones destinadas a favorecer la integraci\u00f3n del alumnado en la vida universitaria y atender sus necesidades formativas e informativas.<\/p>\n<p>Supone superar el modelo espec\u00edficamente acad\u00e9mico, solo preocupado por la transmisi\u00f3n de conocimientos, y apostar por un modelo educativo en el que confluyen adem\u00e1s funciones socio educativas, basadas en relaciones mutuas e interacciones tutor\/a-alumno\/a, alumno\/a-alumno\/a, etc.<\/p>\n<p>Se apuesta, en definitiva, por el desarrollo personal, adem\u00e1s del acad\u00e9mico.<\/p>\n<p>Se pretende ir consolidando una l\u00ednea de acci\u00f3n tutorial coherente con las necesidades del alumnado, que normalice las distintas acciones y consiga un id\u00f3neo equilibrio entre las expectativas del alumnado y los objetivos que se exponen en el marco del Espacio Europeo de Educaci\u00f3n Superior.<\/p>\n<p>El plan de acci\u00f3n tutorial apunta directamente hacia la garant\u00eda y a la adecuaci\u00f3n de los m\u00e9todos de ense\u00f1anza, aprendizaje y evaluaci\u00f3n, a la adquisici\u00f3n de competencias del alumnado, a la atenci\u00f3n a la diversidad, a la orientaci\u00f3n al aprendizaje, etc., recogidos de una forma amplia tanto en las memorias de los t\u00edtulos como en el sistema de garant\u00eda de calidad de la Escuela.<\/p>\n<p>&nbsp;<\/p>\n<h2>Documentos y enlaces<\/h2>\n<div class=\"row\">\n<div class=\"col-lg-5\">\n<ul class=\"list-peak\">\n<li><a href=\"https:\/\/minaseenerxia.uvigo.es\/documentos\/calidade\/rexistros\/r1-do-0203-pat-aneae\/\" target=\"_blank\" rel=\"noopener noreferrer\">Plan de Acci\u00f3n Tutorial vigente<\/a> (Aprobado en XE del 25\/04\/2025)<\/li>\n<\/ul>\n<\/div>\n<div class=\"col-lg-7\">\n<p><!--\n\n\n<ul class=\"list-peak\">\n \t\n\n<li><a href=\"\/images\/docs\/alumnado\/pat\/Mentores_EME_2022-23.pdf\" target=\"_blank\" rel=\"noopener noreferrer\">Personas mentoras en el curso 2022\/2023<\/a><\/li>\n\n\n<\/ul>\n\n\n--><\/p>\n<\/div>\n<\/div>\n<p>&nbsp;<\/p>\n<div class=\"custom-block graylight\">\n<h3>Coordinaci\u00f3n del PAT<\/h3>\n<p><a href=\"https:\/\/minaseenerxia.uvigo.es\/gl\/docencia\/profesorado\/ana-maria-rodriguez-rodriguez\/\">Ana M\u00aa Rodr\u00edguez Rodr\u00edguez<\/a><br \/>\n<em>(Responsable del estudiantado con necesidades educativas especiales)<\/em><\/p>\n<p><a href=\"mailto:aroguez@uvigo.es\"><span style=\"color: #333333;\">aroguez@uvigo.es<\/span><\/a><\/p>\n<\/div>\n","protected":false},"excerpt":{"rendered":"<p>El Plan de Acci\u00f3n Tutorial (PAT) de la EME recoge un conjunto de actuaciones destinadas a favorecer la integraci\u00f3n del alumnado en la vida universitaria &hellip; <a class=\"excerpt_more\" href=\"https:\/\/minaseenerxia.uvigo.es\/es\/estudantes\/orientacion\/orientacion-al-estudiantado\/plan-de-accion-tutorial\/\">Contin\u00faa<\/a><\/p>\n","protected":false},"author":8,"featured_media":0,"parent":2233,"menu_order":7,"comment_status":"closed","ping_status":"closed","template":"","meta":{"_acf_changed":false,"footnotes":""},"class_list":["post-2234","page","type-page","status-publish","hentry"],"acf":[],"yoast_head":"<title>Plan de Acci\u00f3n Tutorial | Escola de Enxe\u00f1ar\u00eda de Minas e Enerx\u00eda<\/title>\n<meta name=\"robots\" content=\"index, follow, max-snippet:-1, max-image-preview:large, max-video-preview:-1\" \/>\n<link rel=\"canonical\" href=\"https:\/\/minaseenerxia.uvigo.es\/es\/estudantes\/orientacion\/orientacion-al-estudiantado\/plan-de-accion-tutorial\/\" \/>\n<meta property=\"og:locale\" content=\"es_ES\" \/>\n<meta property=\"og:type\" content=\"article\" \/>\n<meta property=\"og:title\" content=\"Plan de Acci\u00f3n Tutorial | Escola de Enxe\u00f1ar\u00eda de Minas e Enerx\u00eda\" \/>\n<meta property=\"og:description\" content=\"El Plan de Acci\u00f3n Tutorial (PAT) de la EME recoge un conjunto de actuaciones destinadas a favorecer la integraci\u00f3n del alumnado en la vida universitaria &hellip; Contin\u00faa\" \/>\n<meta property=\"og:url\" content=\"https:\/\/minaseenerxia.uvigo.es\/es\/estudantes\/orientacion\/orientacion-al-estudiantado\/plan-de-accion-tutorial\/\" \/>\n<meta property=\"og:site_name\" content=\"Escola de Enxe\u00f1ar\u00eda de Minas e Enerx\u00eda\" \/>\n<meta property=\"article:modified_time\" content=\"2026-02-23T12:35:01+00:00\" \/>\n<meta name=\"twitter:card\" content=\"summary_large_image\" \/>\n<meta name=\"twitter:label1\" content=\"Est. reading time\" \/>\n\t<meta name=\"twitter:data1\" content=\"2 minutes\" \/>\n<script type=\"application\/ld+json\" class=\"yoast-schema-graph\">{\"@context\":\"https:\/\/schema.org\",\"@graph\":[{\"@type\":\"WebPage\",\"@id\":\"https:\/\/minaseenerxia.uvigo.es\/es\/estudantes\/orientacion\/orientacion-al-estudiantado\/plan-de-accion-tutorial\/\",\"url\":\"https:\/\/minaseenerxia.uvigo.es\/es\/estudantes\/orientacion\/orientacion-al-estudiantado\/plan-de-accion-tutorial\/\",\"name\":\"Plan de Acci\u00f3n Tutorial | Escola de Enxe\u00f1ar\u00eda de Minas e Enerx\u00eda\",\"isPartOf\":{\"@id\":\"https:\/\/minaseenerxia.uvigo.es\/es\/#website\"},\"datePublished\":\"2015-01-27T13:55:18+00:00\",\"dateModified\":\"2026-02-23T12:35:01+00:00\",\"breadcrumb\":{\"@id\":\"https:\/\/minaseenerxia.uvigo.es\/es\/estudantes\/orientacion\/orientacion-al-estudiantado\/plan-de-accion-tutorial\/#breadcrumb\"},\"inLanguage\":\"es-ES\",\"potentialAction\":[{\"@type\":\"ReadAction\",\"target\":[\"https:\/\/minaseenerxia.uvigo.es\/es\/estudantes\/orientacion\/orientacion-al-estudiantado\/plan-de-accion-tutorial\/\"]}]},{\"@type\":\"BreadcrumbList\",\"@id\":\"https:\/\/minaseenerxia.uvigo.es\/es\/estudantes\/orientacion\/orientacion-al-estudiantado\/plan-de-accion-tutorial\/#breadcrumb\",\"itemListElement\":[{\"@type\":\"ListItem\",\"position\":1,\"name\":\"Estudiantes\",\"item\":\"https:\/\/minaseenerxia.uvigo.es\/es\/estudantes\/\"},{\"@type\":\"ListItem\",\"position\":2,\"name\":\"Orientaci\u00f3n\",\"item\":\"https:\/\/minaseenerxia.uvigo.es\/es\/estudantes\/orientacion\/\"},{\"@type\":\"ListItem\",\"position\":3,\"name\":\"Orientaci\u00f3n al estudiantado\",\"item\":\"https:\/\/minaseenerxia.uvigo.es\/es\/estudantes\/orientacion\/orientacion-ao-estudantado\/\"},{\"@type\":\"ListItem\",\"position\":4,\"name\":\"Plan de Acci\u00f3n Tutorial\"}]},{\"@type\":\"WebSite\",\"@id\":\"https:\/\/minaseenerxia.uvigo.es\/es\/#website\",\"url\":\"https:\/\/minaseenerxia.uvigo.es\/es\/\",\"name\":\"Escola de Enxe\u00f1ar\u00eda de Minas e Enerx\u00eda\",\"description\":\"Sitio web da emE\",\"publisher\":{\"@id\":\"https:\/\/minaseenerxia.uvigo.es\/es\/#organization\"},\"potentialAction\":[{\"@type\":\"SearchAction\",\"target\":{\"@type\":\"EntryPoint\",\"urlTemplate\":\"https:\/\/minaseenerxia.uvigo.es\/es\/?s={search_term_string}\"},\"query-input\":{\"@type\":\"PropertyValueSpecification\",\"valueRequired\":true,\"valueName\":\"search_term_string\"}}],\"inLanguage\":\"es-ES\"},{\"@type\":\"Organization\",\"@id\":\"https:\/\/minaseenerxia.uvigo.es\/es\/#organization\",\"name\":\"Escola de Enxe\u00f1ar\u00eda de Minas e Enerx\u00eda\",\"url\":\"https:\/\/minaseenerxia.uvigo.es\/es\/\",\"logo\":{\"@type\":\"ImageObject\",\"inLanguage\":\"es-ES\",\"@id\":\"https:\/\/minaseenerxia.uvigo.es\/es\/#\/schema\/logo\/image\/\",\"url\":\"https:\/\/minaseenerxia.uvigo.es\/wp-content\/uploads\/2024\/07\/logo-eeme.png\",\"contentUrl\":\"https:\/\/minaseenerxia.uvigo.es\/wp-content\/uploads\/2024\/07\/logo-eeme.png\",\"width\":998,\"height\":450,\"caption\":\"Escola de Enxe\u00f1ar\u00eda de Minas e Enerx\u00eda\"},\"image\":{\"@id\":\"https:\/\/minaseenerxia.uvigo.es\/es\/#\/schema\/logo\/image\/\"}}]}<\/script>","yoast_head_json":{"title":"Plan de Acci\u00f3n Tutorial | Escola de Enxe\u00f1ar\u00eda de Minas e Enerx\u00eda","robots":{"index":"index","follow":"follow","max-snippet":"max-snippet:-1","max-image-preview":"max-image-preview:large","max-video-preview":"max-video-preview:-1"},"canonical":"https:\/\/minaseenerxia.uvigo.es\/es\/estudantes\/orientacion\/orientacion-al-estudiantado\/plan-de-accion-tutorial\/","og_locale":"es_ES","og_type":"article","og_title":"Plan de Acci\u00f3n Tutorial | Escola de Enxe\u00f1ar\u00eda de Minas e Enerx\u00eda","og_description":"El Plan de Acci\u00f3n Tutorial (PAT) de la EME recoge un conjunto de actuaciones destinadas a favorecer la integraci\u00f3n del alumnado en la vida universitaria &hellip; Contin\u00faa","og_url":"https:\/\/minaseenerxia.uvigo.es\/es\/estudantes\/orientacion\/orientacion-al-estudiantado\/plan-de-accion-tutorial\/","og_site_name":"Escola de Enxe\u00f1ar\u00eda de Minas e Enerx\u00eda","article_modified_time":"2026-02-23T12:35:01+00:00","twitter_card":"summary_large_image","twitter_misc":{"Est. reading time":"2 minutes"},"schema":{"@context":"https:\/\/schema.org","@graph":[{"@type":"WebPage","@id":"https:\/\/minaseenerxia.uvigo.es\/es\/estudantes\/orientacion\/orientacion-al-estudiantado\/plan-de-accion-tutorial\/","url":"https:\/\/minaseenerxia.uvigo.es\/es\/estudantes\/orientacion\/orientacion-al-estudiantado\/plan-de-accion-tutorial\/","name":"Plan de Acci\u00f3n Tutorial | Escola de Enxe\u00f1ar\u00eda de Minas e Enerx\u00eda","isPartOf":{"@id":"https:\/\/minaseenerxia.uvigo.es\/es\/#website"},"datePublished":"2015-01-27T13:55:18+00:00","dateModified":"2026-02-23T12:35:01+00:00","breadcrumb":{"@id":"https:\/\/minaseenerxia.uvigo.es\/es\/estudantes\/orientacion\/orientacion-al-estudiantado\/plan-de-accion-tutorial\/#breadcrumb"},"inLanguage":"es-ES","potentialAction":[{"@type":"ReadAction","target":["https:\/\/minaseenerxia.uvigo.es\/es\/estudantes\/orientacion\/orientacion-al-estudiantado\/plan-de-accion-tutorial\/"]}]},{"@type":"BreadcrumbList","@id":"https:\/\/minaseenerxia.uvigo.es\/es\/estudantes\/orientacion\/orientacion-al-estudiantado\/plan-de-accion-tutorial\/#breadcrumb","itemListElement":[{"@type":"ListItem","position":1,"name":"Estudiantes","item":"https:\/\/minaseenerxia.uvigo.es\/es\/estudantes\/"},{"@type":"ListItem","position":2,"name":"Orientaci\u00f3n","item":"https:\/\/minaseenerxia.uvigo.es\/es\/estudantes\/orientacion\/"},{"@type":"ListItem","position":3,"name":"Orientaci\u00f3n al estudiantado","item":"https:\/\/minaseenerxia.uvigo.es\/es\/estudantes\/orientacion\/orientacion-ao-estudantado\/"},{"@type":"ListItem","position":4,"name":"Plan de Acci\u00f3n Tutorial"}]},{"@type":"WebSite","@id":"https:\/\/minaseenerxia.uvigo.es\/es\/#website","url":"https:\/\/minaseenerxia.uvigo.es\/es\/","name":"Escola de Enxe\u00f1ar\u00eda de Minas e Enerx\u00eda","description":"Sitio web da emE","publisher":{"@id":"https:\/\/minaseenerxia.uvigo.es\/es\/#organization"},"potentialAction":[{"@type":"SearchAction","target":{"@type":"EntryPoint","urlTemplate":"https:\/\/minaseenerxia.uvigo.es\/es\/?s={search_term_string}"},"query-input":{"@type":"PropertyValueSpecification","valueRequired":true,"valueName":"search_term_string"}}],"inLanguage":"es-ES"},{"@type":"Organization","@id":"https:\/\/minaseenerxia.uvigo.es\/es\/#organization","name":"Escola de Enxe\u00f1ar\u00eda de Minas e Enerx\u00eda","url":"https:\/\/minaseenerxia.uvigo.es\/es\/","logo":{"@type":"ImageObject","inLanguage":"es-ES","@id":"https:\/\/minaseenerxia.uvigo.es\/es\/#\/schema\/logo\/image\/","url":"https:\/\/minaseenerxia.uvigo.es\/wp-content\/uploads\/2024\/07\/logo-eeme.png","contentUrl":"https:\/\/minaseenerxia.uvigo.es\/wp-content\/uploads\/2024\/07\/logo-eeme.png","width":998,"height":450,"caption":"Escola de Enxe\u00f1ar\u00eda de Minas e Enerx\u00eda"},"image":{"@id":"https:\/\/minaseenerxia.uvigo.es\/es\/#\/schema\/logo\/image\/"}}]}},"_links":{"self":[{"href":"https:\/\/minaseenerxia.uvigo.es\/es\/wp-json\/wp\/v2\/pages\/2234"}],"collection":[{"href":"https:\/\/minaseenerxia.uvigo.es\/es\/wp-json\/wp\/v2\/pages"}],"about":[{"href":"https:\/\/minaseenerxia.uvigo.es\/es\/wp-json\/wp\/v2\/types\/page"}],"author":[{"embeddable":true,"href":"https:\/\/minaseenerxia.uvigo.es\/es\/wp-json\/wp\/v2\/users\/8"}],"replies":[{"embeddable":true,"href":"https:\/\/minaseenerxia.uvigo.es\/es\/wp-json\/wp\/v2\/comments?post=2234"}],"version-history":[{"count":7,"href":"https:\/\/minaseenerxia.uvigo.es\/es\/wp-json\/wp\/v2\/pages\/2234\/revisions"}],"predecessor-version":[{"id":270681,"href":"https:\/\/minaseenerxia.uvigo.es\/es\/wp-json\/wp\/v2\/pages\/2234\/revisions\/270681"}],"up":[{"embeddable":true,"href":"https:\/\/minaseenerxia.uvigo.es\/es\/wp-json\/wp\/v2\/pages\/2233"}],"wp:attachment":[{"href":"https:\/\/minaseenerxia.uvigo.es\/es\/wp-json\/wp\/v2\/media?parent=2234"}],"curies":[{"name":"wp","href":"https:\/\/api.w.org\/{rel}","templated":true}]}}