{"id":2182,"date":"2015-07-06T19:26:32","date_gmt":"2015-07-06T17:26:32","guid":{"rendered":"http:\/\/fcce.webs.uvigo.es\/docencia\/horarios\/"},"modified":"2025-10-06T11:17:14","modified_gmt":"2025-10-06T09:17:14","slug":"horarios","status":"publish","type":"page","link":"https:\/\/minaseenerxia.uvigo.es\/es\/estudantes\/docencia\/horarios\/","title":{"rendered":"Horarios"},"content":{"rendered":"<h2>Curso acad\u00e9mico 2025\/2026<\/h2>\n<h3>Horarios de las titulaciones de grado<\/h3>\n<a href=\"\/wp-content\/uploads\/2025\/10\/Horario-e-aulas-Grao-ERME-25-26_XE_29_05_2025-modificado-CP_01_10_2025.pdf\" class=\"btn btn-secondary btn-icon btn-block\">Grado en Enxe\u00f1ar\u00eda dos Recursos Mineiros e Enerx\u00e9ticos<\/a>\n<a href=\"\/wp-content\/uploads\/2025\/10\/Horario-e-aulas-Grao-EE-25-26_XE_29_05_2025modificado-CP_01_10_2025.pdf\" class=\"btn btn-secondary btn-icon btn-block\">Grado en Enxe\u00f1ar\u00eda da Enerx\u00eda<\/a>\n<p>&nbsp;<\/p>\n<h3>Horarios de las titulaciones de m\u00e1ster<\/h3>\n<a href=\"https:\/\/minaseenerxia.uvigo.es\/wp-content\/uploads\/2025\/07\/Horarios_MUEM2025_26_mod.pdf\" target=\"_blank\" rel=\"noopener noreferrer\" class=\"btn btn-secondary btn-icon btn-block\">M\u00e1ster en Enxe\u00f1ar\u00eda de Minas<\/a>\n<a href=\"https:\/\/minaseenerxia.uvigo.es\/wp-content\/uploads\/2025\/07\/Horarios_MUXSA_2025_2026.pdf\" target=\"_blank\" rel=\"noopener noreferrer\" class=\"btn btn-secondary btn-icon btn-block\">M\u00e1ster en Xesti\u00f3n Sostible da Auga<\/a>\n<p>&nbsp;<\/p>\n","protected":false},"excerpt":{"rendered":"<p>Curso acad\u00e9mico 2025\/2026 Horarios de las titulaciones de grado &nbsp; Horarios de las titulaciones de m\u00e1ster &nbsp;<\/p>\n","protected":false},"author":8,"featured_media":0,"parent":2176,"menu_order":5,"comment_status":"closed","ping_status":"closed","template":"","meta":{"_acf_changed":false,"footnotes":""},"class_list":["post-2182","page","type-page","status-publish","hentry"],"acf":[],"yoast_head":"<title>Horarios | Escola de Enxe\u00f1ar\u00eda de Minas e Enerx\u00eda<\/title>\n<meta name=\"robots\" content=\"index, follow, max-snippet:-1, max-image-preview:large, max-video-preview:-1\" \/>\n<link rel=\"canonical\" href=\"https:\/\/minaseenerxia.uvigo.es\/es\/estudantes\/docencia\/horarios\/\" \/>\n<meta property=\"og:locale\" content=\"es_ES\" \/>\n<meta property=\"og:type\" content=\"article\" \/>\n<meta property=\"og:title\" content=\"Horarios | Escola de Enxe\u00f1ar\u00eda de Minas e Enerx\u00eda\" \/>\n<meta property=\"og:description\" content=\"Curso acad\u00e9mico 2025\/2026 Horarios de las titulaciones de grado &nbsp; Horarios de las titulaciones de m\u00e1ster &nbsp;\" \/>\n<meta property=\"og:url\" content=\"https:\/\/minaseenerxia.uvigo.es\/es\/estudantes\/docencia\/horarios\/\" \/>\n<meta property=\"og:site_name\" content=\"Escola de Enxe\u00f1ar\u00eda de Minas e Enerx\u00eda\" \/>\n<meta property=\"article:modified_time\" content=\"2025-10-06T09:17:14+00:00\" \/>\n<meta name=\"twitter:card\" content=\"summary_large_image\" \/>\n<meta name=\"twitter:label1\" content=\"Est. reading time\" \/>\n\t<meta name=\"twitter:data1\" content=\"1 minute\" \/>\n<script type=\"application\/ld+json\" class=\"yoast-schema-graph\">{\"@context\":\"https:\/\/schema.org\",\"@graph\":[{\"@type\":\"WebPage\",\"@id\":\"https:\/\/minaseenerxia.uvigo.es\/es\/estudantes\/docencia\/horarios\/\",\"url\":\"https:\/\/minaseenerxia.uvigo.es\/es\/estudantes\/docencia\/horarios\/\",\"name\":\"Horarios | Escola de Enxe\u00f1ar\u00eda de Minas e Enerx\u00eda\",\"isPartOf\":{\"@id\":\"https:\/\/minaseenerxia.uvigo.es\/es\/#website\"},\"datePublished\":\"2015-07-06T17:26:32+00:00\",\"dateModified\":\"2025-10-06T09:17:14+00:00\",\"breadcrumb\":{\"@id\":\"https:\/\/minaseenerxia.uvigo.es\/es\/estudantes\/docencia\/horarios\/#breadcrumb\"},\"inLanguage\":\"es-ES\",\"potentialAction\":[{\"@type\":\"ReadAction\",\"target\":[\"https:\/\/minaseenerxia.uvigo.es\/es\/estudantes\/docencia\/horarios\/\"]}]},{\"@type\":\"BreadcrumbList\",\"@id\":\"https:\/\/minaseenerxia.uvigo.es\/es\/estudantes\/docencia\/horarios\/#breadcrumb\",\"itemListElement\":[{\"@type\":\"ListItem\",\"position\":1,\"name\":\"Estudiantes\",\"item\":\"https:\/\/minaseenerxia.uvigo.es\/es\/estudantes\/\"},{\"@type\":\"ListItem\",\"position\":2,\"name\":\"Docencia\",\"item\":\"https:\/\/minaseenerxia.uvigo.es\/es\/estudantes\/docencia\/\"},{\"@type\":\"ListItem\",\"position\":3,\"name\":\"Horarios\"}]},{\"@type\":\"WebSite\",\"@id\":\"https:\/\/minaseenerxia.uvigo.es\/es\/#website\",\"url\":\"https:\/\/minaseenerxia.uvigo.es\/es\/\",\"name\":\"Escola de Enxe\u00f1ar\u00eda de Minas e Enerx\u00eda\",\"description\":\"Sitio web da emE\",\"publisher\":{\"@id\":\"https:\/\/minaseenerxia.uvigo.es\/es\/#organization\"},\"potentialAction\":[{\"@type\":\"SearchAction\",\"target\":{\"@type\":\"EntryPoint\",\"urlTemplate\":\"https:\/\/minaseenerxia.uvigo.es\/es\/?s={search_term_string}\"},\"query-input\":{\"@type\":\"PropertyValueSpecification\",\"valueRequired\":true,\"valueName\":\"search_term_string\"}}],\"inLanguage\":\"es-ES\"},{\"@type\":\"Organization\",\"@id\":\"https:\/\/minaseenerxia.uvigo.es\/es\/#organization\",\"name\":\"Escola de Enxe\u00f1ar\u00eda de Minas e Enerx\u00eda\",\"url\":\"https:\/\/minaseenerxia.uvigo.es\/es\/\",\"logo\":{\"@type\":\"ImageObject\",\"inLanguage\":\"es-ES\",\"@id\":\"https:\/\/minaseenerxia.uvigo.es\/es\/#\/schema\/logo\/image\/\",\"url\":\"https:\/\/minaseenerxia.uvigo.es\/wp-content\/uploads\/2024\/07\/logo-eeme.png\",\"contentUrl\":\"https:\/\/minaseenerxia.uvigo.es\/wp-content\/uploads\/2024\/07\/logo-eeme.png\",\"width\":998,\"height\":450,\"caption\":\"Escola de Enxe\u00f1ar\u00eda de Minas e Enerx\u00eda\"},\"image\":{\"@id\":\"https:\/\/minaseenerxia.uvigo.es\/es\/#\/schema\/logo\/image\/\"}}]}<\/script>","yoast_head_json":{"title":"Horarios | Escola de Enxe\u00f1ar\u00eda de Minas e Enerx\u00eda","robots":{"index":"index","follow":"follow","max-snippet":"max-snippet:-1","max-image-preview":"max-image-preview:large","max-video-preview":"max-video-preview:-1"},"canonical":"https:\/\/minaseenerxia.uvigo.es\/es\/estudantes\/docencia\/horarios\/","og_locale":"es_ES","og_type":"article","og_title":"Horarios | Escola de Enxe\u00f1ar\u00eda de Minas e Enerx\u00eda","og_description":"Curso acad\u00e9mico 2025\/2026 Horarios de las titulaciones de grado &nbsp; Horarios de las titulaciones de m\u00e1ster &nbsp;","og_url":"https:\/\/minaseenerxia.uvigo.es\/es\/estudantes\/docencia\/horarios\/","og_site_name":"Escola de Enxe\u00f1ar\u00eda de Minas e Enerx\u00eda","article_modified_time":"2025-10-06T09:17:14+00:00","twitter_card":"summary_large_image","twitter_misc":{"Est. reading time":"1 minute"},"schema":{"@context":"https:\/\/schema.org","@graph":[{"@type":"WebPage","@id":"https:\/\/minaseenerxia.uvigo.es\/es\/estudantes\/docencia\/horarios\/","url":"https:\/\/minaseenerxia.uvigo.es\/es\/estudantes\/docencia\/horarios\/","name":"Horarios | Escola de Enxe\u00f1ar\u00eda de Minas e Enerx\u00eda","isPartOf":{"@id":"https:\/\/minaseenerxia.uvigo.es\/es\/#website"},"datePublished":"2015-07-06T17:26:32+00:00","dateModified":"2025-10-06T09:17:14+00:00","breadcrumb":{"@id":"https:\/\/minaseenerxia.uvigo.es\/es\/estudantes\/docencia\/horarios\/#breadcrumb"},"inLanguage":"es-ES","potentialAction":[{"@type":"ReadAction","target":["https:\/\/minaseenerxia.uvigo.es\/es\/estudantes\/docencia\/horarios\/"]}]},{"@type":"BreadcrumbList","@id":"https:\/\/minaseenerxia.uvigo.es\/es\/estudantes\/docencia\/horarios\/#breadcrumb","itemListElement":[{"@type":"ListItem","position":1,"name":"Estudiantes","item":"https:\/\/minaseenerxia.uvigo.es\/es\/estudantes\/"},{"@type":"ListItem","position":2,"name":"Docencia","item":"https:\/\/minaseenerxia.uvigo.es\/es\/estudantes\/docencia\/"},{"@type":"ListItem","position":3,"name":"Horarios"}]},{"@type":"WebSite","@id":"https:\/\/minaseenerxia.uvigo.es\/es\/#website","url":"https:\/\/minaseenerxia.uvigo.es\/es\/","name":"Escola de Enxe\u00f1ar\u00eda de Minas e Enerx\u00eda","description":"Sitio web da emE","publisher":{"@id":"https:\/\/minaseenerxia.uvigo.es\/es\/#organization"},"potentialAction":[{"@type":"SearchAction","target":{"@type":"EntryPoint","urlTemplate":"https:\/\/minaseenerxia.uvigo.es\/es\/?s={search_term_string}"},"query-input":{"@type":"PropertyValueSpecification","valueRequired":true,"valueName":"search_term_string"}}],"inLanguage":"es-ES"},{"@type":"Organization","@id":"https:\/\/minaseenerxia.uvigo.es\/es\/#organization","name":"Escola de Enxe\u00f1ar\u00eda de Minas e Enerx\u00eda","url":"https:\/\/minaseenerxia.uvigo.es\/es\/","logo":{"@type":"ImageObject","inLanguage":"es-ES","@id":"https:\/\/minaseenerxia.uvigo.es\/es\/#\/schema\/logo\/image\/","url":"https:\/\/minaseenerxia.uvigo.es\/wp-content\/uploads\/2024\/07\/logo-eeme.png","contentUrl":"https:\/\/minaseenerxia.uvigo.es\/wp-content\/uploads\/2024\/07\/logo-eeme.png","width":998,"height":450,"caption":"Escola de Enxe\u00f1ar\u00eda de Minas e Enerx\u00eda"},"image":{"@id":"https:\/\/minaseenerxia.uvigo.es\/es\/#\/schema\/logo\/image\/"}}]}},"_links":{"self":[{"href":"https:\/\/minaseenerxia.uvigo.es\/es\/wp-json\/wp\/v2\/pages\/2182"}],"collection":[{"href":"https:\/\/minaseenerxia.uvigo.es\/es\/wp-json\/wp\/v2\/pages"}],"about":[{"href":"https:\/\/minaseenerxia.uvigo.es\/es\/wp-json\/wp\/v2\/types\/page"}],"author":[{"embeddable":true,"href":"https:\/\/minaseenerxia.uvigo.es\/es\/wp-json\/wp\/v2\/users\/8"}],"replies":[{"embeddable":true,"href":"https:\/\/minaseenerxia.uvigo.es\/es\/wp-json\/wp\/v2\/comments?post=2182"}],"version-history":[{"count":20,"href":"https:\/\/minaseenerxia.uvigo.es\/es\/wp-json\/wp\/v2\/pages\/2182\/revisions"}],"predecessor-version":[{"id":269637,"href":"https:\/\/minaseenerxia.uvigo.es\/es\/wp-json\/wp\/v2\/pages\/2182\/revisions\/269637"}],"up":[{"embeddable":true,"href":"https:\/\/minaseenerxia.uvigo.es\/es\/wp-json\/wp\/v2\/pages\/2176"}],"wp:attachment":[{"href":"https:\/\/minaseenerxia.uvigo.es\/es\/wp-json\/wp\/v2\/media?parent=2182"}],"curies":[{"name":"wp","href":"https:\/\/api.w.org\/{rel}","templated":true}]}}