{"id":2120,"date":"2015-01-30T11:12:43","date_gmt":"2015-01-30T10:12:43","guid":{"rendered":"http:\/\/fcce.webs.uvigo.es\/estudos\/grao-en-quimica\/"},"modified":"2024-10-08T13:37:42","modified_gmt":"2024-10-08T11:37:42","slug":"grado-en-erme","status":"publish","type":"page","link":"https:\/\/minaseenerxia.uvigo.es\/es\/estudios\/graos\/grado-en-erme\/","title":{"rendered":"Grado en Enxe\u00f1ar\u00eda dos Recursos Mineiros e Enerx\u00e9ticos"},"content":{"rendered":"<p><iframe loading=\"lazy\" style=\"border: 0px #FFFFFF none;\" src=\"https:\/\/tv.uvigo.es\/video\/iframe\/width\/360\/height\/197\/id\/30950\" name=\"Pumukit - Media Player\" width=\"100%\" height=\"400\" allowfullscreen=\"allowfullscreen\"><span data-mce-type=\"bookmark\" style=\"display: inline-block; width: 0px; overflow: hidden; line-height: 0;\" class=\"mce_SELRES_start\">\ufeff<\/span><span data-mce-type=\"bookmark\" style=\"display: inline-block; width: 0px; overflow: hidden; line-height: 0;\" class=\"mce_SELRES_start\">\ufeff<\/span><span data-mce-type=\"bookmark\" style=\"display: inline-block; width: 0px; overflow: hidden; line-height: 0;\" class=\"mce_SELRES_start\">\ufeff<\/span><\/iframe><\/p>\n<p>En el contexto actual de descarbonizaci\u00f3n de la econom\u00eda es necesario proveer a la industria de las materias primas necesarias para fabricar las tecnolog\u00edas asociadas a las energ\u00edas renovables, eficiciencia energ\u00e9tica y digitalizaci\u00f3n de procesos industriales.<\/p>\n<p>En el Grado en Enxe\u00f1ar\u00eda dos Recursos Mineiros e Enerx\u00e9ticos formamos ingenieros e ingenieras que conocen los usos de los recursos minerales, los procesos tecnol\u00f3gicos asociados a la b\u00fasqueda, extracci\u00f3n y su transformaci\u00f3n para obtener las materias primas necesarias para la industria. Formamos profesionales capaces de plantear soluciones compatibles con el medioambiente y que conocen las tecnolog\u00edas de reciclaje, renovaci\u00f3n y reutilizaci\u00f3n de residuos mineros e industriales. Se trata de una titulaci\u00f3n \u00fanica en Galicia que habilita para profesi\u00f3n regulada con un alto grado de empleabilidad.<\/p>\n<p>En la Escola de Enxe\u00f1aria de Minas e Enerx\u00eda formamos profesionales con capacidad para dise\u00f1ar, optimizar e implantar procesos tecnol\u00f3gicos considerados clave dentro de un modelo de econom\u00eda circular y transici\u00f3n energ\u00e9tica:<\/p>\n<ul class=\"list-peak\" style=\"margin-top: 10px;\">\n<li>Garantizando el suministro de sustancias minerales consideradas indispensables \u2014definidas como critical raw materials por la UE\u2014 para el desarrollo industrial y tecnol\u00f3gico de las sociedades actuales (fabricaci\u00f3n de microchips, microprocesadores y otros dispositivos electr\u00f3nicos) y para su descarbonizaci\u00f3n (fabricaci\u00f3n de bater\u00edas para el veh\u00edculo el\u00e9ctrico, c\u00e9lulas fotoel\u00e9ctricas, LEDs y turbinas de aerogeneradores, entre otros).<\/li>\n<li>Proporcionando soluciones tecnol\u00f3gicas para la gesti\u00f3n y la explotaci\u00f3n sostenible de estos recursos mineros y energ\u00e9ticos, minimizando el impacto al medio ambiente.<\/li>\n<li>Participando en la generaci\u00f3n, transformaci\u00f3n y transporte de energ\u00eda: centrales t\u00e9rmicas e hidr\u00e1ulicas, ciclos combinados, energ\u00eda e\u00f3lica, energ\u00eda solar, energ\u00eda geot\u00e9rmica.<\/li>\n<li>Aportando conocimiento en el ecodise\u00f1o de los procesos de transformaci\u00f3n de estos recursos mineros y energ\u00e9ticos, para la reducci\u00f3n de residuos y emisiones, y la mejora de la eficiencia.<\/li>\n<li>Investigando nuevas soluciones para la valorizaci\u00f3n energ\u00e9tica de estos residuos, fabricaci\u00f3n de nuevos combustibles derivados de estos (CDR) y la recuperaci\u00f3n de sustancias minerales a partir de su procesamiento.<\/li>\n<li>Analizando las propiedades y diferentes posibilidades y usos de los materiales tradicionales (aceros, metales, materiales de construcci\u00f3n) y los denominados nuevos materiales, a trav\u00e9s del estudio de la Ingenier\u00eda de Materiales.<\/li>\n<\/ul>\n<p>Cabe destacar que nuestros graduados y graduadas tambi\u00e9n dominan la gesti\u00f3n y dise\u00f1o del espacio subterr\u00e1neo, tanto en el \u00e1mbito minero como en el \u00e1mbito civil (t\u00faneles, cavidades subterr\u00e1neas para centrales hidroel\u00e9ctricas, complejos deportivos, ciudades subterr\u00e1neas, etc.), y en el empleo de explosivos para la ejecuci\u00f3n de voladuras y demoliciones en el \u00e1mbito de la miner\u00eda y de la obra civil.<\/p>\n<p><a href=\"\/images\/docs\/estudos\/Folleto_Grao ERME_2022-23.pdf\" target=\"_blank\" rel=\"noopener noreferrer\"><img loading=\"lazy\" decoding=\"async\" src=\"\/images\/estudos\/Folleto_Grao ERME_2022-23.png\" alt=\"\" width=\"900\" height=\"450\" \/><\/a><br \/>\n<em>Descarga el folleto informativo del Grado en Enxe\u00f1ar\u00eda dos Recursos Mineiros e Enerx\u00e9ticos<\/em><\/p>\n<p>El t\u00edtulo <strong>habilita para la profesi\u00f3n regulada de Ingeniero\/a T\u00e9cnico\/a de Minas<\/strong> en tres especialidades: (i) recursos energ\u00e9ticos, combustibles y explosivos, (ii) explotaci\u00f3n de minas e (iii) ingenier\u00eda de materiales.<\/p>\n<p>Es muy importante visibilizar ante la ciudadan\u00eda, empleadores y administraciones a qu\u00e9 nos dedicamos y qu\u00e9 podemos aportar como t\u00e9cnicos y t\u00e9cnicas a la sociedad. No s\u00f3lo formamos profesionales expertos en dise\u00f1o y ejecuci\u00f3n de explotaciones mineras, excavaciones y voladuras. Tambi\u00e9n formamos personal que gestiona el recurso energ\u00e9tico, que conoce los efectos que sobre el Medio Ambiente tiene la extracci\u00f3n de recursos minerales y por lo tanto sabemos c\u00f3mo minimizar su afecci\u00f3n, realizar estudios de impacto ambiental y planes de restauraci\u00f3n&#8230; Esta formaci\u00f3n posibilita otras salidas profesionales, todas ellas relacionadas con el aprovechamiento y protecci\u00f3n del recurso y con la ingenier\u00eda de materiales: gesti\u00f3n de residuos mineros, riesgos geol\u00f3gicos, gesti\u00f3n del territorio, valorizaci\u00f3n de residuos, nuevos combustibles, remediaci\u00f3n de suelos contaminados, nuevos materiales, etc.<\/p>\n<p>&nbsp;<\/p>\n<div class=\"custom-block graylight\">\n<h3>Accesos directos<\/h3>\n<div class=\"row\">\n<div class=\"col-md-6\">\n<ul class=\"list-peak mb-0 mb-md-6\">\n<li><a href=\"\/es\/docencia\/horarios\">Horarios<\/a><\/li>\n<li><a href=\"\/es\/docencia\/examenes\">Examenes<\/a><\/li>\n<li><a href=\"\/estudantes\/docencia\/guias-docentes\/\">Gu\u00edas docentes<\/a><\/li>\n<li><a href=\"\/es\/docencia\/traballo-fin-de-grao\">Trabajo Fin de Grado<\/a><\/li>\n<li><a href=\"\/es\/estudiantes\/plan-de-accion-tutorial\">Plan de Acci\u00f3n Tutorial<\/a><\/li>\n<\/ul>\n<\/div>\n<div class=\"col-md-6\">\n<ul class=\"list-peak\">\n<li><a href=\"\/es\/estudios\/grado-en-erme\/profesorado-titulo\">Profesorado<\/a><\/li>\n<li><a href=\"\/es\/escuela\/recursos-materiales-y-servicios\/\">Recursos materiales y servicios<\/a><\/li>\n<li><a href=\"\/es\/calidad\/sistema-de-garantia-de-calidad\/resultados-de-medicion\/\">Resultados de la Titulaci\u00f3n<\/a><\/li>\n<li><a href=\"\/es\/calidad\/seguimiento-de-titulos\/grado-irme\/\">Seguimiento del t\u00edtulo<\/a><\/li>\n<\/ul>\n<\/div>\n<\/div>\n<\/div>\n","protected":false},"excerpt":{"rendered":"<p>\ufeff\ufeff\ufeff En el contexto actual de descarbonizaci\u00f3n de la econom\u00eda es necesario proveer a la industria de las materias primas necesarias para fabricar las tecnolog\u00edas &hellip; <a class=\"excerpt_more\" href=\"https:\/\/minaseenerxia.uvigo.es\/es\/estudios\/graos\/grado-en-erme\/\">Contin\u00faa<\/a><\/p>\n","protected":false},"author":8,"featured_media":0,"parent":265625,"menu_order":4,"comment_status":"closed","ping_status":"closed","template":"","meta":{"_acf_changed":false,"footnotes":""},"class_list":["post-2120","page","type-page","status-publish","hentry"],"acf":[],"yoast_head":"<title>Grado en Enxe\u00f1ar\u00eda dos Recursos Mineiros e Enerx\u00e9ticos | Escola de Enxe\u00f1ar\u00eda de Minas e Enerx\u00eda<\/title>\n<meta name=\"robots\" content=\"index, follow, max-snippet:-1, max-image-preview:large, max-video-preview:-1\" \/>\n<link rel=\"canonical\" href=\"https:\/\/minaseenerxia.uvigo.es\/es\/estudios\/graos\/grado-en-erme\/\" \/>\n<meta property=\"og:locale\" content=\"es_ES\" \/>\n<meta property=\"og:type\" content=\"article\" \/>\n<meta property=\"og:title\" content=\"Grado en Enxe\u00f1ar\u00eda dos Recursos Mineiros e Enerx\u00e9ticos | Escola de Enxe\u00f1ar\u00eda de Minas e Enerx\u00eda\" \/>\n<meta property=\"og:description\" content=\"\ufeff\ufeff\ufeff En el contexto actual de descarbonizaci\u00f3n de la econom\u00eda es necesario proveer a la industria de las materias primas necesarias para fabricar las tecnolog\u00edas &hellip; Contin\u00faa\" \/>\n<meta property=\"og:url\" content=\"https:\/\/minaseenerxia.uvigo.es\/es\/estudios\/graos\/grado-en-erme\/\" \/>\n<meta property=\"og:site_name\" content=\"Escola de Enxe\u00f1ar\u00eda de Minas e Enerx\u00eda\" \/>\n<meta property=\"article:modified_time\" content=\"2024-10-08T11:37:42+00:00\" \/>\n<meta name=\"twitter:card\" content=\"summary_large_image\" \/>\n<meta name=\"twitter:label1\" content=\"Est. reading time\" \/>\n\t<meta name=\"twitter:data1\" content=\"4 minutes\" \/>\n<script type=\"application\/ld+json\" class=\"yoast-schema-graph\">{\"@context\":\"https:\/\/schema.org\",\"@graph\":[{\"@type\":\"WebPage\",\"@id\":\"https:\/\/minaseenerxia.uvigo.es\/es\/estudios\/graos\/grado-en-erme\/\",\"url\":\"https:\/\/minaseenerxia.uvigo.es\/es\/estudios\/graos\/grado-en-erme\/\",\"name\":\"Grado en Enxe\u00f1ar\u00eda dos Recursos Mineiros e Enerx\u00e9ticos | Escola de Enxe\u00f1ar\u00eda de Minas e Enerx\u00eda\",\"isPartOf\":{\"@id\":\"https:\/\/minaseenerxia.uvigo.es\/es\/#website\"},\"datePublished\":\"2015-01-30T10:12:43+00:00\",\"dateModified\":\"2024-10-08T11:37:42+00:00\",\"breadcrumb\":{\"@id\":\"https:\/\/minaseenerxia.uvigo.es\/es\/estudios\/graos\/grado-en-erme\/#breadcrumb\"},\"inLanguage\":\"es-ES\",\"potentialAction\":[{\"@type\":\"ReadAction\",\"target\":[\"https:\/\/minaseenerxia.uvigo.es\/es\/estudios\/graos\/grado-en-erme\/\"]}]},{\"@type\":\"BreadcrumbList\",\"@id\":\"https:\/\/minaseenerxia.uvigo.es\/es\/estudios\/graos\/grado-en-erme\/#breadcrumb\",\"itemListElement\":[{\"@type\":\"ListItem\",\"position\":1,\"name\":\"Titulaciones\",\"item\":\"https:\/\/minaseenerxia.uvigo.es\/es\/estudios\/\"},{\"@type\":\"ListItem\",\"position\":2,\"name\":\"Graos\",\"item\":\"https:\/\/minaseenerxia.uvigo.es\/es\/estudios\/graos\/\"},{\"@type\":\"ListItem\",\"position\":3,\"name\":\"Grado en Enxe\u00f1ar\u00eda dos Recursos Mineiros e Enerx\u00e9ticos\"}]},{\"@type\":\"WebSite\",\"@id\":\"https:\/\/minaseenerxia.uvigo.es\/es\/#website\",\"url\":\"https:\/\/minaseenerxia.uvigo.es\/es\/\",\"name\":\"Escola de Enxe\u00f1ar\u00eda de Minas e Enerx\u00eda\",\"description\":\"Sitio web da emE\",\"publisher\":{\"@id\":\"https:\/\/minaseenerxia.uvigo.es\/es\/#organization\"},\"potentialAction\":[{\"@type\":\"SearchAction\",\"target\":{\"@type\":\"EntryPoint\",\"urlTemplate\":\"https:\/\/minaseenerxia.uvigo.es\/es\/?s={search_term_string}\"},\"query-input\":{\"@type\":\"PropertyValueSpecification\",\"valueRequired\":true,\"valueName\":\"search_term_string\"}}],\"inLanguage\":\"es-ES\"},{\"@type\":\"Organization\",\"@id\":\"https:\/\/minaseenerxia.uvigo.es\/es\/#organization\",\"name\":\"Escola de Enxe\u00f1ar\u00eda de Minas e Enerx\u00eda\",\"url\":\"https:\/\/minaseenerxia.uvigo.es\/es\/\",\"logo\":{\"@type\":\"ImageObject\",\"inLanguage\":\"es-ES\",\"@id\":\"https:\/\/minaseenerxia.uvigo.es\/es\/#\/schema\/logo\/image\/\",\"url\":\"https:\/\/minaseenerxia.uvigo.es\/wp-content\/uploads\/2024\/07\/logo-eeme.png\",\"contentUrl\":\"https:\/\/minaseenerxia.uvigo.es\/wp-content\/uploads\/2024\/07\/logo-eeme.png\",\"width\":998,\"height\":450,\"caption\":\"Escola de Enxe\u00f1ar\u00eda de Minas e Enerx\u00eda\"},\"image\":{\"@id\":\"https:\/\/minaseenerxia.uvigo.es\/es\/#\/schema\/logo\/image\/\"}}]}<\/script>","yoast_head_json":{"title":"Grado en Enxe\u00f1ar\u00eda dos Recursos Mineiros e Enerx\u00e9ticos | Escola de Enxe\u00f1ar\u00eda de Minas e Enerx\u00eda","robots":{"index":"index","follow":"follow","max-snippet":"max-snippet:-1","max-image-preview":"max-image-preview:large","max-video-preview":"max-video-preview:-1"},"canonical":"https:\/\/minaseenerxia.uvigo.es\/es\/estudios\/graos\/grado-en-erme\/","og_locale":"es_ES","og_type":"article","og_title":"Grado en Enxe\u00f1ar\u00eda dos Recursos Mineiros e Enerx\u00e9ticos | Escola de Enxe\u00f1ar\u00eda de Minas e Enerx\u00eda","og_description":"\ufeff\ufeff\ufeff En el contexto actual de descarbonizaci\u00f3n de la econom\u00eda es necesario proveer a la industria de las materias primas necesarias para fabricar las tecnolog\u00edas &hellip; Contin\u00faa","og_url":"https:\/\/minaseenerxia.uvigo.es\/es\/estudios\/graos\/grado-en-erme\/","og_site_name":"Escola de Enxe\u00f1ar\u00eda de Minas e Enerx\u00eda","article_modified_time":"2024-10-08T11:37:42+00:00","twitter_card":"summary_large_image","twitter_misc":{"Est. reading time":"4 minutes"},"schema":{"@context":"https:\/\/schema.org","@graph":[{"@type":"WebPage","@id":"https:\/\/minaseenerxia.uvigo.es\/es\/estudios\/graos\/grado-en-erme\/","url":"https:\/\/minaseenerxia.uvigo.es\/es\/estudios\/graos\/grado-en-erme\/","name":"Grado en Enxe\u00f1ar\u00eda dos Recursos Mineiros e Enerx\u00e9ticos | Escola de Enxe\u00f1ar\u00eda de Minas e Enerx\u00eda","isPartOf":{"@id":"https:\/\/minaseenerxia.uvigo.es\/es\/#website"},"datePublished":"2015-01-30T10:12:43+00:00","dateModified":"2024-10-08T11:37:42+00:00","breadcrumb":{"@id":"https:\/\/minaseenerxia.uvigo.es\/es\/estudios\/graos\/grado-en-erme\/#breadcrumb"},"inLanguage":"es-ES","potentialAction":[{"@type":"ReadAction","target":["https:\/\/minaseenerxia.uvigo.es\/es\/estudios\/graos\/grado-en-erme\/"]}]},{"@type":"BreadcrumbList","@id":"https:\/\/minaseenerxia.uvigo.es\/es\/estudios\/graos\/grado-en-erme\/#breadcrumb","itemListElement":[{"@type":"ListItem","position":1,"name":"Titulaciones","item":"https:\/\/minaseenerxia.uvigo.es\/es\/estudios\/"},{"@type":"ListItem","position":2,"name":"Graos","item":"https:\/\/minaseenerxia.uvigo.es\/es\/estudios\/graos\/"},{"@type":"ListItem","position":3,"name":"Grado en Enxe\u00f1ar\u00eda dos Recursos Mineiros e Enerx\u00e9ticos"}]},{"@type":"WebSite","@id":"https:\/\/minaseenerxia.uvigo.es\/es\/#website","url":"https:\/\/minaseenerxia.uvigo.es\/es\/","name":"Escola de Enxe\u00f1ar\u00eda de Minas e Enerx\u00eda","description":"Sitio web da emE","publisher":{"@id":"https:\/\/minaseenerxia.uvigo.es\/es\/#organization"},"potentialAction":[{"@type":"SearchAction","target":{"@type":"EntryPoint","urlTemplate":"https:\/\/minaseenerxia.uvigo.es\/es\/?s={search_term_string}"},"query-input":{"@type":"PropertyValueSpecification","valueRequired":true,"valueName":"search_term_string"}}],"inLanguage":"es-ES"},{"@type":"Organization","@id":"https:\/\/minaseenerxia.uvigo.es\/es\/#organization","name":"Escola de Enxe\u00f1ar\u00eda de Minas e Enerx\u00eda","url":"https:\/\/minaseenerxia.uvigo.es\/es\/","logo":{"@type":"ImageObject","inLanguage":"es-ES","@id":"https:\/\/minaseenerxia.uvigo.es\/es\/#\/schema\/logo\/image\/","url":"https:\/\/minaseenerxia.uvigo.es\/wp-content\/uploads\/2024\/07\/logo-eeme.png","contentUrl":"https:\/\/minaseenerxia.uvigo.es\/wp-content\/uploads\/2024\/07\/logo-eeme.png","width":998,"height":450,"caption":"Escola de Enxe\u00f1ar\u00eda de Minas e Enerx\u00eda"},"image":{"@id":"https:\/\/minaseenerxia.uvigo.es\/es\/#\/schema\/logo\/image\/"}}]}},"_links":{"self":[{"href":"https:\/\/minaseenerxia.uvigo.es\/es\/wp-json\/wp\/v2\/pages\/2120"}],"collection":[{"href":"https:\/\/minaseenerxia.uvigo.es\/es\/wp-json\/wp\/v2\/pages"}],"about":[{"href":"https:\/\/minaseenerxia.uvigo.es\/es\/wp-json\/wp\/v2\/types\/page"}],"author":[{"embeddable":true,"href":"https:\/\/minaseenerxia.uvigo.es\/es\/wp-json\/wp\/v2\/users\/8"}],"replies":[{"embeddable":true,"href":"https:\/\/minaseenerxia.uvigo.es\/es\/wp-json\/wp\/v2\/comments?post=2120"}],"version-history":[{"count":11,"href":"https:\/\/minaseenerxia.uvigo.es\/es\/wp-json\/wp\/v2\/pages\/2120\/revisions"}],"predecessor-version":[{"id":266668,"href":"https:\/\/minaseenerxia.uvigo.es\/es\/wp-json\/wp\/v2\/pages\/2120\/revisions\/266668"}],"up":[{"embeddable":true,"href":"https:\/\/minaseenerxia.uvigo.es\/es\/wp-json\/wp\/v2\/pages\/265625"}],"wp:attachment":[{"href":"https:\/\/minaseenerxia.uvigo.es\/es\/wp-json\/wp\/v2\/media?parent=2120"}],"curies":[{"name":"wp","href":"https:\/\/api.w.org\/{rel}","templated":true}]}}