{"id":2095,"date":"2015-01-26T09:57:09","date_gmt":"2015-01-26T08:57:09","guid":{"rendered":"http:\/\/fcce.webs.uvigo.es\/facultade\/presentacion\/"},"modified":"2024-10-08T13:51:18","modified_gmt":"2024-10-08T11:51:18","slug":"bienvenida","status":"publish","type":"page","link":"https:\/\/minaseenerxia.uvigo.es\/es\/escuela\/presentacion\/bienvenida\/","title":{"rendered":"Bienvenida"},"content":{"rendered":"<h2>Nuestro papel en la Sociedad<\/h2>\n<p>Uno de los objetivos de la Agenda 2030 para el Desarrollo Sostenible es \u201cGarantizar el acceso a una energ\u00eda asequible, segura, sostenible y moderna para todos\u201d. Pero la producci\u00f3n y consumo de energ\u00eda representan aproximadamente el 60% de las emisiones mundiales de gases de efecto invernadero. Alcanzar una <strong>soluci\u00f3n de equilibrio entre garantizar el acceso universal a los servicios de energ\u00eda<\/strong> para todas las personas y <strong>acotar los efectos que sobre el clima<\/strong> tiene la producci\u00f3n y uso de energ\u00eda es un reto de tal magnitud que justifica que el sistema energ\u00e9tico constituya una de las prioridades de la agenda cient\u00edfica, pol\u00edtica, econ\u00f3mica y social de un pa\u00eds.<\/p>\n<p>Es por tanto necesario formar profesionales conscientes de la magnitud y la relevancia de este reto, que entiendan sus implicaciones y complejidades y sean capaces de enfrentarse a ellos con una visi\u00f3n moderna e innovadora. Para dar respuesta a esta necesidad se imparte el <strong>Grado en Enxe\u00f1ar\u00eda da Enerx\u00eda, \u00fanica titulaci\u00f3n de grado en Galicia que forma especialistas en el \u00e1mbito de ingenier\u00eda de la energ\u00eda<\/strong>. Formamos ingenieros e ingenieras capaces de dise\u00f1ar, optimizar y dirigir t\u00e9cnicamente los procesos tecnol\u00f3gicos asociados al proceso completo: desde la generaci\u00f3n de la energ\u00eda hasta el nivel del usuario de energ\u00eda t\u00e9rmica o el\u00e9ctrica final (producci\u00f3n, almacenamiento, transporte, distribuci\u00f3n, mercados). Y en el contexto actual tiene especial relevancia la formaci\u00f3n en dos \u00e1mbitos: (i) tecnolog\u00edas de generaci\u00f3n de energ\u00edas renovables (e\u00f3lica, fotovoltaica, solar, geot\u00e9rmica, hidroel\u00e9ctrica, mareomotriz, undimotriz, biomasa y biocarburantes entre otras) y (ii) procesos tecnol\u00f3gicos asociados a la eficiencia energ\u00e9tica. <strong>Por este motivo, hemos modificado y actualizado el plan de estudios para recoger la formaci\u00f3n en los mismos<\/strong>.<\/p>\n<p>Para alcanzar estos objetivos en materia de pol\u00edtica energ\u00e9tica es necesario disponer de las materias primas con las que fabricar y construir la tecnolog\u00eda asociada (aerogeneradores: placas fotovoltaicas, veh\u00edculos el\u00e9ctricos, pilas de combustible, por citar las tecnolog\u00edas m\u00e1s ilustrativas). Y, por otro lado, la digitalizaci\u00f3n de los procesos industriales, una de las se\u00f1as de identidad de la industria actual, requiere tambi\u00e9n de materias primas con las que fabricar las tecnolog\u00edas asociadas a las TIC.<\/p>\n<p>Surge por tanto la necesidad de contar con ingenieros e ingenieras que conozcan: (i) los usos de los recursos mineros y los procesos tecnol\u00f3gicos asociados a la b\u00fasqueda y extracci\u00f3n de los mismos y (ii) los procesos tecnol\u00f3gicos asociados a su transformaci\u00f3n para obtener las materias primas necesarias para fabricar las tecnolog\u00edas antes mencionadas.<\/p>\n<p>Para dar respuesta a estas necesidades impartimos el <strong>Grado en Enxe\u00f1ar\u00eda dos Recursos Mineiros e Enerx\u00e9ticos<\/strong>, \u00fanica titulaci\u00f3n de grado en el Sistema Universitario Galego que forma a t\u00e9cnicos en dos especialidades: (i) ingenier\u00eda de recursos mineros e (ii) ingenier\u00eda de materiales. <strong>Esta titulaci\u00f3n est\u00e1 declarada con car\u00e1cter singular y habilita para la profesi\u00f3n regulada de ingeniero\/a t\u00e9cnico de minas.<\/strong><\/p>\n<h2>Nuestras instalaciones<\/h2>\n<p>En el a\u00f1o 2003 se construy\u00f3 el actual edificio que alberga la EME de la Universidade de Vigo, obra de los arquitectos C\u00e9sar Portela, Gabriel Santos Zas y C\u00e9sar Padr\u00f3n Conde, y que fue finalista del II Premio de Arquitectura ENOR. Las necesidades del centro marcaron su s\u00edntesis formal, estructur\u00e1ndose en tres piezas lineales prism\u00e1ticas que se corresponden con la zona de aulas, laboratorios y despachos. Esta morfolog\u00eda lineal y las rotaciones entre los tres m\u00f3dulos le permite adaptarse a la orograf\u00eda del terreno y crear una sinton\u00eda perfecta con el entorno.<\/p>\n<p><img decoding=\"async\" src=\"\/wp-content\/uploads\/2022\/04\/Imagen2.jpg\" alt=\"EME\" width=\"100%\" \/><\/p>\n<h2>Nuestras se\u00f1as de identidad<\/h2>\n<h3>Formamos ingenieros e ingenieras<\/h3>\n<p>Formamos profesionales capaces de dar respuesta a problemas espec\u00edficos de la empresa y la Sociedad, con la condici\u00f3n de que estas soluciones tecnol\u00f3gicas sean sostenibles. Esto se traduce en una formaci\u00f3n que va m\u00e1s all\u00e1 del mero estudio de los procesos tecnol\u00f3gicos, abordando en profundidad aspectos relativos a la econom\u00eda, empresa, medioambiente, seguridad y salud.<\/p>\n<p>Adem\u00e1s, la formaci\u00f3n de ingenieros e ingenieras nos obliga a estar en permanente contacto con la industria, para conocer sus necesidades y las \u00faltimas tecnolog\u00edas. Por este motivo la Escuela mantiene una relaci\u00f3n permanente de colaboraci\u00f3n con el tejido industrial y empresarial de nuestros \u00e1mbitos, que se traduce en la realizaci\u00f3n de pr\u00e1cticas externas y de numerosas visitas a instalaciones industriales por parte del alumnado, para conocer in situ los procesos tecnol\u00f3gicos. La colaboraci\u00f3n de las empresas se traduce en la financiaci\u00f3n de equipamiento de espacios docentes, premios y becas, realizaci\u00f3n de jornadas, seminarios y conferencias y ofertas laborales.<\/p>\n<h3>Pr\u00e1cticas en empresa<\/h3>\n<p>Las pr\u00e1cticas en empresas representan el primer contacto con el \u00e1mbito laboral del estudiantado. Esta actividad facilita una visi\u00f3n y experiencia de enorme valor para el ejercicio profesional y proporciona la oportunidad de familiarizarse con el entorno donde pueden aplicar los conocimientos adquiridos en el \u00e1mbito acad\u00e9mico. La Escuela cuenta con m\u00e1s de 50 convenios con empresas en sectores directamente relacionados con el \u00e1mbito profesional de las titulaciones del centro. Esta relaci\u00f3n activa permite mejorar la formaci\u00f3n del estudiantado y posibilita su integraci\u00f3n en una empresa con diferentes departamentos en los que enfocar su futuro profesional.<\/p>\n<h3>Salidas de campo y visitas a instalaciones<\/h3>\n<p>Las visitas a instalaciones y salidas de campo se conciben como un recurso did\u00e1ctico de gran inter\u00e9s para fortalecer la relaci\u00f3n entre los conocimientos conceptuales y su aplicaci\u00f3n pr\u00e1ctica.<\/p>\n<h3>Movilidad estudiantil<\/h3>\n<p>La EME apuesta por la movilidad del estudiantado ya que permite mejorar su formaci\u00f3n al incorporar una visi\u00f3n cultural y acad\u00e9mica diferente en sus estudios. Esta actividad es una oportunidad de crecimiento personal y acad\u00e9mico que le confiere un valor a\u00f1adido a la formaci\u00f3n universitaria.<\/p>\n<p>La movilidad estudiantil en la EME est\u00e1 centrada en los programas Erasmus+ (Europa), GE4 (Asia), ISEP (EEUU), SICUE (Espa\u00f1a), y acuerdos propios de la UVigo (Am\u00e9rica del Sur) en el marco de convenios con m\u00e1s de 30 universidades.<\/p>\n<h3>Plan de internacionalizaci\u00f3n<\/h3>\n<p>No podemos perder de vista que nuestros ingenieros e ingenieras van a desarrollar su actividad profesional en un contexto internacional, por lo que ofertamos un Plan de Internacionalizaci\u00f3n que permite al estudiantado cursar, si as\u00ed lo desea, 10 materias del plan de estudios \u00edntegramente en ingl\u00e9s. Adem\u00e1s, trabajamos activamente para facilitar la realizaci\u00f3n de estancias de movilidad en el extranjero para alumnado y profesorado, habilitando convenios con universidades y centros de investigaci\u00f3n en todo el mundo.<\/p>\n<h3>Nuevas tecnolog\u00edas e infraestructuras<\/h3>\n<p>En la actualidad, el continuo desarrollo de din\u00e1micas multimedia e interactivas en plataformas e-learning se ha extendido en el contexto universitario. As\u00ed, desde nuestra escuela hemos reconocido las posibilidades que nos brindan las nuevas tecnolog\u00edas por lo que es pr\u00e1ctica com\u00fan combinar una parte fundamental de la docencia en la EME con el uso de nuevas tecnolog\u00edas.<\/p>\n<p>Debido a la creciente incorporaci\u00f3n de las TIC, se cuenta con los espacios y medios necesarios para su implementaci\u00f3n con los laboratorios especializados, equipados con equipos de vanguardia, y los laboratorios de inform\u00e1tica dotados con software espec\u00edfico y de simulaci\u00f3n. Si esta actividad en nuestra escuela de ingenier\u00eda es relevante, no podemos olvidar las diferentes necesidades del estudiantado, por lo que hemos apostado por la integraci\u00f3n de las herramientas y los materiales con servicios propios como el pr\u00e9stamo de port\u00e1tiles, el aula de grabaci\u00f3n, la sala de videoconferencia, la sala de descanso, etc.<\/p>\n<h3>Asociaciones estudiantiles<\/h3>\n<p>La asociaci\u00f3n de estudiantes de la EME es el entorno ideal para que el estudiantado pueda cultivar sus relaciones personales contando con un grupo de apoyo que conoce la vida universitaria, desarrollando sus habilidades creativas en el contexto universitario y disfrutando con las muchas actividades que se organizan tanto dentro de la escuela como en el entorno universitario. La EME apuesta y promueve la creaci\u00f3n, desarrollo y participaci\u00f3n de las asociaciones estudiantiles de diversa \u00edndole ya que permite que la escuela se enriquezca con las diferentes inquietudes de nuestros estudiantes. Su participaci\u00f3n activa en todas las actividades que se plantean desde el centro y organizando muchas de ellas desde sus asociaciones estudiantiles (Delegaci\u00f3n de alumnado, UVigo MOTORSPORT, CES UVigo, UVigo SPACELAB, Foro Tecnol\u00f3xico de Emprego) es un rasgo distintivo que nos alienta a seguir apoy\u00e1ndolas cada a\u00f1o.<\/p>\n<h3>Igualdad<\/h3>\n<p>Queremos destacar, como se\u00f1a de identidad del centro, nuestro compromiso con la construcci\u00f3n de valores igualitarios, organizando numerosas actividades dirigidas al estudiantado y profesorado del centro y tambi\u00e9n a alumnado de primaria, secundaria, bachillerato y personas tituladas. Actividades con diferentes objetivos: sensibilizaci\u00f3n en materia de igualdad, incentivar vocaciones en el \u00e1mbito de las disciplinas STEAM y de forma espec\u00edfica en ingenier\u00eda, mentorizaci\u00f3n y acompa\u00f1amiento de mujeres en su actividad profesional, entre otras. Este compromiso con la igualdad nos ha hecho merecedores del Distintivo de Igualdade de la Universidade de Vigo.<\/p>\n<h3>Nuestra comunidad universitaria<\/h3>\n<p>El tama\u00f1o del centro facilita las relaciones interpersonales entre todos los colectivos que conforman la comunidad universitaria: estudiantado, profesorado y personal de administraci\u00f3n y servicios. Esto es especialmente relevante en la relaci\u00f3n entre alumnado y profesorado, que permite una atenci\u00f3n detallada al estudiante en el proceso de aprendizaje.<\/p>\n<h3>Formaci\u00f3n integral<\/h3>\n<p>Finalmente queremos contribuir a la formaci\u00f3n integral de nuestro estudiantado complementando su formaci\u00f3n acad\u00e9mica. Por este motivo, organizamos numerosas actividades de car\u00e1cter extracurricular: voluntariado, actividades deportivas y culturales y tratamos de implicarlos al m\u00e1ximo en la vida acad\u00e9mica del centro y en la toma de decisiones desde los espacios concebidos para este fin.<\/p>\n<h3>Empleabilidad<\/h3>\n<p>Las personas graduadas est\u00e1n muy reconocidas por parte de los empleadores, valorando positivamente adem\u00e1s de las competencias espec\u00edficas, la formaci\u00f3n multidisciplinar, que aporta valores como la capacidad de aprendizaje en contextos nuevos y con otros profesionales y el trabajo en equipo.<\/p>\n<p><strong>Grado en Ingenier\u00eda de la Energ\u00eda<\/strong><\/p>\n<p>En base a los resultados del \u201cEstudio sobre Empleabilidad y RRHH en el sector energ\u00e9tico: Perfiles m\u00e1s demandados y situaci\u00f3n actual y futura de las empresas del sector\u201d, informe realizado por Adecco Energ\u00e9ticas, en colaboraci\u00f3n con la Asociaci\u00f3n Espa\u00f1ola de Mujeres de la Energ\u00eda (AEMENER) en el a\u00f1o 2020 en base a la realizaci\u00f3n de encuestas a empresas del sector energ\u00e9tico, el perfil m\u00e1s demandado en las empresas de energ\u00eda es el de ingenieros\/as (65%). Y el 56% de las empresas consultadas en esta encuesta creen que dentro de 5 a\u00f1os necesitar\u00e1n mayor volumen de contrataci\u00f3n. En base a los datos del &#8220;Estudo da inserci\u00f3n laboral dos titulados no Sistema Universitario de Galicia 2014-2015&#8221; el 100% trabaja actualmente y el 100% volver\u00eda a cursar la titulaci\u00f3n en la UVigo.<\/p>\n<p><strong>Grado en Ingenier\u00eda de los Recursos Mineros y Energ\u00e9ticos<\/strong><\/p>\n<p>En el proyecto \u201cRendimiento acad\u00e9mico y egreso de las mujeres en los grados de ingenier\u00eda de la Universidad de Vigo\u201d se realiz\u00f3 una encuesta a las personas egresadas, hombres y mujeres, obteniendo que, con datos de noviembre del 2019, el 67% de las personas egresadas est\u00e1 en activo. Adem\u00e1s, de las personas que est\u00e1n en activo, el 67% de las personas egresadas encontr\u00f3 su primer trabajo antes de transcurrir 6 meses desde la finalizaci\u00f3n de los estudios y el 100% est\u00e1 trabajando a tiempo completo. En base a los datos del &#8220;Estudo da inserci\u00f3n laboral dos titulados no Sistema Universitario de Galicia 2014-2015&#8221; el 86% trabaja actualmente y el 80% volver\u00eda a cursar la titulaci\u00f3n en la UVigo.<\/p>\n","protected":false},"excerpt":{"rendered":"<p>Somos un centro universitario donde se imparten los estudios de Grado en Ingenier\u00eda de la Energ\u00eda, Grado en Ingenier\u00eda de los Recursos Mineros y Energ\u00e9ticos y M\u00e1ster Universitario en Ingenier\u00eda de Minas, todas <strong>titulaciones \u00fanicas<\/strong> en el Sistema Universitario de Galicia.<\/p>\n","protected":false},"author":8,"featured_media":254671,"parent":265608,"menu_order":1,"comment_status":"closed","ping_status":"closed","template":"","meta":{"_acf_changed":false,"footnotes":""},"class_list":["post-2095","page","type-page","status-publish","has-post-thumbnail","hentry"],"acf":[],"yoast_head":"<title>Bienvenida | Escola de Enxe\u00f1ar\u00eda de Minas e Enerx\u00eda<\/title>\n<meta name=\"robots\" content=\"index, follow, max-snippet:-1, max-image-preview:large, max-video-preview:-1\" \/>\n<link rel=\"canonical\" href=\"https:\/\/minaseenerxia.uvigo.es\/es\/escuela\/presentacion\/bienvenida\/\" \/>\n<meta property=\"og:locale\" content=\"es_ES\" \/>\n<meta property=\"og:type\" content=\"article\" \/>\n<meta property=\"og:title\" content=\"Bienvenida | Escola de Enxe\u00f1ar\u00eda de Minas e Enerx\u00eda\" \/>\n<meta property=\"og:description\" content=\"Somos un centro universitario donde se imparten los estudios de Grado en Ingenier\u00eda de la Energ\u00eda, Grado en Ingenier\u00eda de los Recursos Mineros y Energ\u00e9ticos y M\u00e1ster Universitario en Ingenier\u00eda de Minas, todas titulaciones \u00fanicas en el Sistema Universitario de Galicia.\" \/>\n<meta property=\"og:url\" content=\"https:\/\/minaseenerxia.uvigo.es\/es\/escuela\/presentacion\/bienvenida\/\" \/>\n<meta property=\"og:site_name\" content=\"Escola de Enxe\u00f1ar\u00eda de Minas e Enerx\u00eda\" \/>\n<meta property=\"article:modified_time\" content=\"2024-10-08T11:51:18+00:00\" \/>\n<meta property=\"og:image\" content=\"https:\/\/minaseenerxia.uvigo.es\/wp-content\/uploads\/2022\/04\/Imagen1.jpg\" \/>\n\t<meta property=\"og:image:width\" content=\"1262\" \/>\n\t<meta property=\"og:image:height\" content=\"562\" \/>\n\t<meta property=\"og:image:type\" content=\"image\/jpeg\" \/>\n<meta name=\"twitter:card\" content=\"summary_large_image\" \/>\n<meta name=\"twitter:label1\" content=\"Est. reading time\" \/>\n\t<meta name=\"twitter:data1\" content=\"11 minutes\" \/>\n<script type=\"application\/ld+json\" class=\"yoast-schema-graph\">{\"@context\":\"https:\/\/schema.org\",\"@graph\":[{\"@type\":\"WebPage\",\"@id\":\"https:\/\/minaseenerxia.uvigo.es\/es\/escuela\/presentacion\/bienvenida\/\",\"url\":\"https:\/\/minaseenerxia.uvigo.es\/es\/escuela\/presentacion\/bienvenida\/\",\"name\":\"Bienvenida | Escola de Enxe\u00f1ar\u00eda de Minas e Enerx\u00eda\",\"isPartOf\":{\"@id\":\"https:\/\/minaseenerxia.uvigo.es\/es\/#website\"},\"primaryImageOfPage\":{\"@id\":\"https:\/\/minaseenerxia.uvigo.es\/es\/escuela\/presentacion\/bienvenida\/#primaryimage\"},\"image\":{\"@id\":\"https:\/\/minaseenerxia.uvigo.es\/es\/escuela\/presentacion\/bienvenida\/#primaryimage\"},\"thumbnailUrl\":\"https:\/\/minaseenerxia.uvigo.es\/wp-content\/uploads\/2022\/04\/Imagen1.jpg\",\"datePublished\":\"2015-01-26T08:57:09+00:00\",\"dateModified\":\"2024-10-08T11:51:18+00:00\",\"breadcrumb\":{\"@id\":\"https:\/\/minaseenerxia.uvigo.es\/es\/escuela\/presentacion\/bienvenida\/#breadcrumb\"},\"inLanguage\":\"es-ES\",\"potentialAction\":[{\"@type\":\"ReadAction\",\"target\":[\"https:\/\/minaseenerxia.uvigo.es\/es\/escuela\/presentacion\/bienvenida\/\"]}]},{\"@type\":\"ImageObject\",\"inLanguage\":\"es-ES\",\"@id\":\"https:\/\/minaseenerxia.uvigo.es\/es\/escuela\/presentacion\/bienvenida\/#primaryimage\",\"url\":\"https:\/\/minaseenerxia.uvigo.es\/wp-content\/uploads\/2022\/04\/Imagen1.jpg\",\"contentUrl\":\"https:\/\/minaseenerxia.uvigo.es\/wp-content\/uploads\/2022\/04\/Imagen1.jpg\",\"width\":1262,\"height\":562},{\"@type\":\"BreadcrumbList\",\"@id\":\"https:\/\/minaseenerxia.uvigo.es\/es\/escuela\/presentacion\/bienvenida\/#breadcrumb\",\"itemListElement\":[{\"@type\":\"ListItem\",\"position\":1,\"name\":\"La Escuela\",\"item\":\"https:\/\/minaseenerxia.uvigo.es\/es\/a-escola\/\"},{\"@type\":\"ListItem\",\"position\":2,\"name\":\"Presentaci\u00f3n\",\"item\":\"https:\/\/minaseenerxia.uvigo.es\/es\/a-escola\/presentacion\/\"},{\"@type\":\"ListItem\",\"position\":3,\"name\":\"Bienvenida\"}]},{\"@type\":\"WebSite\",\"@id\":\"https:\/\/minaseenerxia.uvigo.es\/es\/#website\",\"url\":\"https:\/\/minaseenerxia.uvigo.es\/es\/\",\"name\":\"Escola de Enxe\u00f1ar\u00eda de Minas e Enerx\u00eda\",\"description\":\"Sitio web da emE\",\"publisher\":{\"@id\":\"https:\/\/minaseenerxia.uvigo.es\/es\/#organization\"},\"potentialAction\":[{\"@type\":\"SearchAction\",\"target\":{\"@type\":\"EntryPoint\",\"urlTemplate\":\"https:\/\/minaseenerxia.uvigo.es\/es\/?s={search_term_string}\"},\"query-input\":{\"@type\":\"PropertyValueSpecification\",\"valueRequired\":true,\"valueName\":\"search_term_string\"}}],\"inLanguage\":\"es-ES\"},{\"@type\":\"Organization\",\"@id\":\"https:\/\/minaseenerxia.uvigo.es\/es\/#organization\",\"name\":\"Escola de Enxe\u00f1ar\u00eda de Minas e Enerx\u00eda\",\"url\":\"https:\/\/minaseenerxia.uvigo.es\/es\/\",\"logo\":{\"@type\":\"ImageObject\",\"inLanguage\":\"es-ES\",\"@id\":\"https:\/\/minaseenerxia.uvigo.es\/es\/#\/schema\/logo\/image\/\",\"url\":\"https:\/\/minaseenerxia.uvigo.es\/wp-content\/uploads\/2024\/07\/logo-eeme.png\",\"contentUrl\":\"https:\/\/minaseenerxia.uvigo.es\/wp-content\/uploads\/2024\/07\/logo-eeme.png\",\"width\":998,\"height\":450,\"caption\":\"Escola de Enxe\u00f1ar\u00eda de Minas e Enerx\u00eda\"},\"image\":{\"@id\":\"https:\/\/minaseenerxia.uvigo.es\/es\/#\/schema\/logo\/image\/\"}}]}<\/script>","yoast_head_json":{"title":"Bienvenida | Escola de Enxe\u00f1ar\u00eda de Minas e Enerx\u00eda","robots":{"index":"index","follow":"follow","max-snippet":"max-snippet:-1","max-image-preview":"max-image-preview:large","max-video-preview":"max-video-preview:-1"},"canonical":"https:\/\/minaseenerxia.uvigo.es\/es\/escuela\/presentacion\/bienvenida\/","og_locale":"es_ES","og_type":"article","og_title":"Bienvenida | Escola de Enxe\u00f1ar\u00eda de Minas e Enerx\u00eda","og_description":"Somos un centro universitario donde se imparten los estudios de Grado en Ingenier\u00eda de la Energ\u00eda, Grado en Ingenier\u00eda de los Recursos Mineros y Energ\u00e9ticos y M\u00e1ster Universitario en Ingenier\u00eda de Minas, todas titulaciones \u00fanicas en el Sistema Universitario de Galicia.","og_url":"https:\/\/minaseenerxia.uvigo.es\/es\/escuela\/presentacion\/bienvenida\/","og_site_name":"Escola de Enxe\u00f1ar\u00eda de Minas e Enerx\u00eda","article_modified_time":"2024-10-08T11:51:18+00:00","og_image":[{"width":1262,"height":562,"url":"https:\/\/minaseenerxia.uvigo.es\/wp-content\/uploads\/2022\/04\/Imagen1.jpg","type":"image\/jpeg"}],"twitter_card":"summary_large_image","twitter_misc":{"Est. reading time":"11 minutes"},"schema":{"@context":"https:\/\/schema.org","@graph":[{"@type":"WebPage","@id":"https:\/\/minaseenerxia.uvigo.es\/es\/escuela\/presentacion\/bienvenida\/","url":"https:\/\/minaseenerxia.uvigo.es\/es\/escuela\/presentacion\/bienvenida\/","name":"Bienvenida | Escola de Enxe\u00f1ar\u00eda de Minas e Enerx\u00eda","isPartOf":{"@id":"https:\/\/minaseenerxia.uvigo.es\/es\/#website"},"primaryImageOfPage":{"@id":"https:\/\/minaseenerxia.uvigo.es\/es\/escuela\/presentacion\/bienvenida\/#primaryimage"},"image":{"@id":"https:\/\/minaseenerxia.uvigo.es\/es\/escuela\/presentacion\/bienvenida\/#primaryimage"},"thumbnailUrl":"https:\/\/minaseenerxia.uvigo.es\/wp-content\/uploads\/2022\/04\/Imagen1.jpg","datePublished":"2015-01-26T08:57:09+00:00","dateModified":"2024-10-08T11:51:18+00:00","breadcrumb":{"@id":"https:\/\/minaseenerxia.uvigo.es\/es\/escuela\/presentacion\/bienvenida\/#breadcrumb"},"inLanguage":"es-ES","potentialAction":[{"@type":"ReadAction","target":["https:\/\/minaseenerxia.uvigo.es\/es\/escuela\/presentacion\/bienvenida\/"]}]},{"@type":"ImageObject","inLanguage":"es-ES","@id":"https:\/\/minaseenerxia.uvigo.es\/es\/escuela\/presentacion\/bienvenida\/#primaryimage","url":"https:\/\/minaseenerxia.uvigo.es\/wp-content\/uploads\/2022\/04\/Imagen1.jpg","contentUrl":"https:\/\/minaseenerxia.uvigo.es\/wp-content\/uploads\/2022\/04\/Imagen1.jpg","width":1262,"height":562},{"@type":"BreadcrumbList","@id":"https:\/\/minaseenerxia.uvigo.es\/es\/escuela\/presentacion\/bienvenida\/#breadcrumb","itemListElement":[{"@type":"ListItem","position":1,"name":"La Escuela","item":"https:\/\/minaseenerxia.uvigo.es\/es\/a-escola\/"},{"@type":"ListItem","position":2,"name":"Presentaci\u00f3n","item":"https:\/\/minaseenerxia.uvigo.es\/es\/a-escola\/presentacion\/"},{"@type":"ListItem","position":3,"name":"Bienvenida"}]},{"@type":"WebSite","@id":"https:\/\/minaseenerxia.uvigo.es\/es\/#website","url":"https:\/\/minaseenerxia.uvigo.es\/es\/","name":"Escola de Enxe\u00f1ar\u00eda de Minas e Enerx\u00eda","description":"Sitio web da emE","publisher":{"@id":"https:\/\/minaseenerxia.uvigo.es\/es\/#organization"},"potentialAction":[{"@type":"SearchAction","target":{"@type":"EntryPoint","urlTemplate":"https:\/\/minaseenerxia.uvigo.es\/es\/?s={search_term_string}"},"query-input":{"@type":"PropertyValueSpecification","valueRequired":true,"valueName":"search_term_string"}}],"inLanguage":"es-ES"},{"@type":"Organization","@id":"https:\/\/minaseenerxia.uvigo.es\/es\/#organization","name":"Escola de Enxe\u00f1ar\u00eda de Minas e Enerx\u00eda","url":"https:\/\/minaseenerxia.uvigo.es\/es\/","logo":{"@type":"ImageObject","inLanguage":"es-ES","@id":"https:\/\/minaseenerxia.uvigo.es\/es\/#\/schema\/logo\/image\/","url":"https:\/\/minaseenerxia.uvigo.es\/wp-content\/uploads\/2024\/07\/logo-eeme.png","contentUrl":"https:\/\/minaseenerxia.uvigo.es\/wp-content\/uploads\/2024\/07\/logo-eeme.png","width":998,"height":450,"caption":"Escola de Enxe\u00f1ar\u00eda de Minas e Enerx\u00eda"},"image":{"@id":"https:\/\/minaseenerxia.uvigo.es\/es\/#\/schema\/logo\/image\/"}}]}},"_links":{"self":[{"href":"https:\/\/minaseenerxia.uvigo.es\/es\/wp-json\/wp\/v2\/pages\/2095"}],"collection":[{"href":"https:\/\/minaseenerxia.uvigo.es\/es\/wp-json\/wp\/v2\/pages"}],"about":[{"href":"https:\/\/minaseenerxia.uvigo.es\/es\/wp-json\/wp\/v2\/types\/page"}],"author":[{"embeddable":true,"href":"https:\/\/minaseenerxia.uvigo.es\/es\/wp-json\/wp\/v2\/users\/8"}],"replies":[{"embeddable":true,"href":"https:\/\/minaseenerxia.uvigo.es\/es\/wp-json\/wp\/v2\/comments?post=2095"}],"version-history":[{"count":5,"href":"https:\/\/minaseenerxia.uvigo.es\/es\/wp-json\/wp\/v2\/pages\/2095\/revisions"}],"predecessor-version":[{"id":266680,"href":"https:\/\/minaseenerxia.uvigo.es\/es\/wp-json\/wp\/v2\/pages\/2095\/revisions\/266680"}],"up":[{"embeddable":true,"href":"https:\/\/minaseenerxia.uvigo.es\/es\/wp-json\/wp\/v2\/pages\/265608"}],"wp:featuredmedia":[{"embeddable":true,"href":"https:\/\/minaseenerxia.uvigo.es\/es\/wp-json\/wp\/v2\/media\/254671"}],"wp:attachment":[{"href":"https:\/\/minaseenerxia.uvigo.es\/es\/wp-json\/wp\/v2\/media?parent=2095"}],"curies":[{"name":"wp","href":"https:\/\/api.w.org\/{rel}","templated":true}]}}