{"id":10,"date":"2018-11-08T17:13:58","date_gmt":"2018-11-08T16:13:58","guid":{"rendered":"http:\/\/fcce.webs.uvigo.es\/?page_id=10"},"modified":"2026-04-17T11:52:50","modified_gmt":"2026-04-17T09:52:50","slug":"inicio","status":"publish","type":"page","link":"https:\/\/minaseenerxia.uvigo.es\/es\/","title":{"rendered":"Inicio"},"content":{"rendered":"<section class=\"slide-static\">\n    <div class=\"\">\n\n                                 \n        <div class=\"slide-static__item \">\n\n          <div class=\"slide-static__item__background\" style=\"background-image: url(https:\/\/minaseenerxia.uvigo.es\/wp-content\/uploads\/2024\/07\/slide-minas-1-1440x540.jpg)\">\n\n            <div class=\"slide-static__container \">\n              <div class=\"slide-static__content\">\n                <p class=\"text-white h2 font-weight-regular mb-9\">Nuestro compromiso es formar profesionales con capacidad de garantizar el acceso a materias primas y a la energ\u00eda de una forma segura, moderna y especialmente sostenible, como expresa uno de los objetivos de la Agenda 2030<\/p>\n<div class=\"mb-8\">\n<a class=\"btn btn-icon btn-outline-light\" href=\"\/es\/escuela\/presentacion\/bienvenida\/\">Saber m\u00e1s de la Escuela<\/a>\n<\/div>\n              <\/div>\n            <\/div>\n\n          <\/div>\n\n        <\/div>\n\n      \n    <\/div>\n  <\/section>\n\n\n<section class=\"floor pb-12\">\n<div class=\"container\">\n<h2 class=\"display-2 h2 pt-4 pb-8\">Nuestras titulaciones<\/h2>\n<div class=\"row\">\n<div class=\"col-md-6 col-lg-3\">\n<p class=\"text-center mb-10\"><a href=\"\/es\/estudos\/graos\/grao-en-erme\/\"><img loading=\"lazy\" decoding=\"async\" class=\"d-block img-fluid m-auto pb-6 px-1\" src=\"\/wp-content\/uploads\/2024\/07\/grao-minas.png\" alt=\"\" width=\"250\" height=\"250\" \/><span class=\"font-size-lg d-block\">Grado en Ingenier\u00eda de los Recursos Mineros y Energ\u00e9ticos<\/span><\/a><\/p>\n<\/div>\n<div class=\"col-md-6 col-lg-3\">\n<p class=\"text-center mb-10\"><a href=\"\/es\/estudos\/graos\/grao-en-ee\/\"><img loading=\"lazy\" decoding=\"async\" class=\"d-block img-fluid m-auto pb-6 px-1\" src=\"\/wp-content\/uploads\/2024\/07\/grao-enerxia.png\" alt=\"\" width=\"250\" height=\"250\" \/><span class=\"font-size-lg d-block\">Grado en Ingenier\u00eda de la Energ\u00eda<\/span><\/a><\/p>\n<\/div>\n<div class=\"col-md-6 col-lg-3\">\n<p class=\"text-center mb-10\"><a href=\"\/es\/estudos\/mestrados\/mestrado-en-em\/\"><img loading=\"lazy\" decoding=\"async\" class=\"d-block img-fluid m-auto pb-6 px-1\" src=\"\/wp-content\/uploads\/2024\/07\/master-minas.png\" alt=\"\" width=\"250\" height=\"250\" \/><span class=\"font-size-lg d-block\">M\u00e1ster Universitario en Ingenier\u00eda de Minas<\/span><\/a><\/p>\n<\/div>\n<div class=\"col-md-6 col-lg-3\">\n<p class=\"text-center mb-10\"><img loading=\"lazy\" decoding=\"async\" class=\"d-block img-fluid m-auto pb-6 px-1\" src=\"\/wp-content\/uploads\/2024\/09\/master-muxsa.png\" alt=\"\" width=\"250\" height=\"250\" \/><span class=\"font-size-lg d-block\"><a href=\"https:\/\/minaseenerxia.uvigo.es\/es\/estudios\/mestrados\/mugsa\/\">M\u00e1ster Interuniversitario en Gesti\u00f3n Sostenible del agua<\/a><\/span><\/p>\n<\/div>\n<\/div>\n<\/div>\n<\/section>\n<section class=\"bg-graylight\"><div class=\"featured pt-12 pb-10 \">\n  <div class=\"container\">\n\n    <div class=\"d-flex align-items-center justify-content-between py-3 mb-10\">\n      <h2 class=\"featured__title h2 mb-0\">Actualidad<\/h2>\n      <a class=\"btn btn-outline-primary btn-icon btn-reset-min-width\" href=\"\/es\/actualidade\/\">Ver todo<\/a>\n    <\/div>\n\n    <div class=\"\">\n\n      \n        <div class=\"row justify-content-start\">\n                       <div class=\"col-md-6 col-lg-4 pb-8\">\n              <div class=\"featured__item featured__item--noback event__item\">\n  <div class=\"event__item__content\">\n\n    <div class=\"event__item__type text-uppercase\">Evento<\/div>\n\n    <h3 class=\"featured__item__title mb-5\"><a href=\"https:\/\/minaseenerxia.uvigo.es\/es\/evento\/a-escola-acolle-o-acto-institucional-do-dia-das-letras-da-universidade-de-vigo\/\">La EME acoge el acto institucional del D\u00eda das Letras de la Universidade de Vigo<\/a><\/h3>\n\n    <div class=\"entry-thumbnail mb-7\">\n      <a href=\"https:\/\/minaseenerxia.uvigo.es\/es\/evento\/a-escola-acolle-o-acto-institucional-do-dia-das-letras-da-universidade-de-vigo\/\">\n        <div class=\"unresize-thumbnail\" style=\"background-image: url('https:\/\/minaseenerxia.uvigo.es\/wp-content\/uploads\/2026\/05\/DIaDasLetras-2026_EME-800x450.jpg');\"><img loading=\"lazy\" decoding=\"async\" src=\"https:\/\/minaseenerxia.uvigo.es\/wp-content\/themes\/uvigo-theme-classic\/dist\/images\/empty-800x450_97263769.png\" class=\"wp-post-image card-img-top\" width=\"800\" height=\"450\" alt=\"La EME acoge el acto institucional del D\u00eda das Letras de la Universidade de Vigo\"><\/div>\n      <\/a>\n    <\/div>\n\n                        \n    <div class=\"event__item__date\">\n                Martes 19 de abril, 12:00 h\n          <\/div>\n    <div class=\"event__item__place\">\n                <a target=\"_blank\" href=\"https:\/\/maps.app.goo.gl\/rbwnCSVYyotoBgkL7\">Escola de Enxe\u00f1ar\u00eda de Minas e Enerx\u00eda<\/a>\n          <\/div>\n\n  <\/div>\n<\/div>\n            <\/div>\n                       <div class=\"col-md-6 col-lg-4 pb-8\">\n              <div class=\"featured__item featured__item--noback card\">\n  <div class=\"featured__item__type card-header text-uppercase\">Noticias<\/div>\n  <div class=\"entry-thumbnail\">\n      <a href=\"https:\/\/minaseenerxia.uvigo.es\/es\/2026\/05\/a-escola-de-enxenaria-de-minas-e-enerxia-acolleu-a-ii-olimpiada-da-enerxia\/\" style=\"\">\n      <div class=\"unresize-thumbnail\" style=\"background-image: url('https:\/\/minaseenerxia.uvigo.es\/wp-content\/uploads\/2026\/05\/FotoFamiliaParticipantesIIOlimpiada-800x450.jpg');\"><img loading=\"lazy\" decoding=\"async\" src=\"https:\/\/minaseenerxia.uvigo.es\/wp-content\/themes\/uvigo-theme-classic\/dist\/images\/empty-800x450_97263769.png\" class=\"wp-post-image card-img-top\" width=\"800\" height=\"450\" alt=\"La Escola de Enxe\u00f1ar\u00eda de Minas e Enerx\u00eda acogi\u00f3 la &lt;em&gt;II Olimp\u00edada da Enerx\u00eda&lt;\/em&gt;\"><\/div>\n    <\/a>\n  <\/div>\n  <div class=\"card-body\">\n    <h3 class=\"featured__item__title\"><a href=\"https:\/\/minaseenerxia.uvigo.es\/es\/2026\/05\/a-escola-de-enxenaria-de-minas-e-enerxia-acolleu-a-ii-olimpiada-da-enerxia\/\">La Escola de Enxe\u00f1ar\u00eda de Minas e Enerx\u00eda acogi\u00f3 la <em>II Olimp\u00edada da Enerx\u00eda<\/em><\/a><\/h3>\n    <p>70 estudiantes de 5 centros gallegos protagonizan una jornada que combin\u00f3 pruebas acad\u00e9micas, divulgaci\u00f3n cient\u00edfica y actividades colaborativas<\/p>\n  <\/div>\n<\/div>\n            <\/div>\n                       <div class=\"col-md-6 col-lg-4 pb-8\">\n              <div class=\"featured__item featured__item--noback event__item\">\n  <div class=\"event__item__content\">\n\n    <div class=\"event__item__type text-uppercase\">Evento<\/div>\n\n    <h3 class=\"featured__item__title mb-5\"><a href=\"https:\/\/minaseenerxia.uvigo.es\/es\/evento\/geolodia-2026\/\">Geolodia 2026<\/a><\/h3>\n\n    <div class=\"entry-thumbnail mb-7\">\n      <a href=\"https:\/\/minaseenerxia.uvigo.es\/es\/evento\/geolodia-2026\/\">\n        <div class=\"unresize-thumbnail\" style=\"background-image: url('https:\/\/minaseenerxia.uvigo.es\/wp-content\/uploads\/2026\/04\/Geolodia2026-800x450.jpg');\"><img loading=\"lazy\" decoding=\"async\" src=\"https:\/\/minaseenerxia.uvigo.es\/wp-content\/themes\/uvigo-theme-classic\/dist\/images\/empty-800x450_97263769.png\" class=\"wp-post-image card-img-top\" width=\"800\" height=\"450\" alt=\"Geolodia 2026\"><\/div>\n      <\/a>\n    <\/div>\n\n                        \n    <div class=\"event__item__date\">\n                10 de mayo desde las 9:30h\n          <\/div>\n    <div class=\"event__item__place\">\n                <a target=\"_blank\" href=\"https:\/\/maps.app.goo.gl\/4ExCrsseyU8GL5Wk7\">Praia de Areas Gordas, Sanxenxo<\/a>\n          <\/div>\n\n  <\/div>\n<\/div>\n            <\/div>\n                       <div class=\"col-md-6 col-lg-4 pb-8\">\n              <div class=\"featured__item featured__item--noback event__item\">\n  <div class=\"event__item__content\">\n\n    <div class=\"event__item__type text-uppercase\">Evento<\/div>\n\n    <h3 class=\"featured__item__title mb-5\"><a href=\"https:\/\/minaseenerxia.uvigo.es\/es\/evento\/ii-olimpiada-da-enerxia\/\">II Olimp\u00edada da Enerx\u00eda<\/a><\/h3>\n\n    <div class=\"entry-thumbnail mb-7\">\n      <a href=\"https:\/\/minaseenerxia.uvigo.es\/es\/evento\/ii-olimpiada-da-enerxia\/\">\n        <div class=\"unresize-thumbnail\" style=\"background-image: url('https:\/\/minaseenerxia.uvigo.es\/wp-content\/uploads\/2025\/05\/ImaxeOlimpiadaEnerxia-800x450.jpg');\"><img loading=\"lazy\" decoding=\"async\" src=\"https:\/\/minaseenerxia.uvigo.es\/wp-content\/themes\/uvigo-theme-classic\/dist\/images\/empty-800x450_97263769.png\" class=\"wp-post-image card-img-top\" width=\"800\" height=\"450\" alt=\"II Olimp\u00edada da Enerx\u00eda\"><\/div>\n      <\/a>\n    <\/div>\n\n                        \n    <div class=\"event__item__date\">\n                Mi\u00e9rcoles, 29 de abril\n          <\/div>\n    <div class=\"event__item__place\">\n                <a target=\"_blank\" href=\"https:\/\/maps.app.goo.gl\/rbwnCSVYyotoBgkL7\">Escola de Enxe\u00f1ar\u00eda de Minas e Enerx\u00eda<\/a>\n          <\/div>\n\n  <\/div>\n<\/div>\n            <\/div>\n                       <div class=\"col-md-6 col-lg-4 pb-8\">\n              <div class=\"featured__item featured__item--noback event__item\">\n  <div class=\"event__item__content\">\n\n    <div class=\"event__item__type text-uppercase\">Evento<\/div>\n\n    <h3 class=\"featured__item__title mb-5\"><a href=\"https:\/\/minaseenerxia.uvigo.es\/es\/evento\/xornada-de-portas-abertas-virtual-para-conecer-os-graos-impartidos-na-escola\/\">&#8220;Xornada de portas abertas virtual&#8221; para conocer los grados impartidos en la EME<\/a><\/h3>\n\n    <div class=\"entry-thumbnail mb-7\">\n      <a href=\"https:\/\/minaseenerxia.uvigo.es\/es\/evento\/xornada-de-portas-abertas-virtual-para-conecer-os-graos-impartidos-na-escola\/\">\n        <div class=\"unresize-thumbnail\" style=\"background-image: url('https:\/\/minaseenerxia.uvigo.es\/wp-content\/uploads\/2026\/04\/Banner_Portas_Abertas_Virtuais_2026-800x450.jpg');\"><img loading=\"lazy\" decoding=\"async\" src=\"https:\/\/minaseenerxia.uvigo.es\/wp-content\/themes\/uvigo-theme-classic\/dist\/images\/empty-800x450_97263769.png\" class=\"wp-post-image card-img-top\" width=\"800\" height=\"450\" alt=\"&#8220;Xornada de portas abertas virtual&#8221; para conocer los grados impartidos en la EME\"><\/div>\n      <\/a>\n    <\/div>\n\n                        \n    <div class=\"event__item__date\">\n                Jueves 23 de abril a las 11 horas\n          <\/div>\n    <div class=\"event__item__place\">\n                <a target=\"_blank\" href=\"https:\/\/campusremotouvigo.gal\/access\/public\/meeting\/3098345945\">Sala virtual de la EME<\/a>\n          <\/div>\n\n  <\/div>\n<\/div>\n            <\/div>\n          \n                      <div class=\"col-md-6 col-lg-4 pb-8\">\n              <div class=\"pressclipping-box bg-white \">\n\n  <div>\n    <div class=\"pressclipping-box__title text-uppercase\">A escola na prensa<\/div>\n\n    <div class=\"px-4 py-4\">\n\n      \n         \n                                        \n          <div class=\"pressclipping-box__item\">\n\n            <div class=\"pressclipping-box__item__meta font-size-sm text-uppercase text-secondary\">\n              <span>Galiciapress.es<\/span>\n              <span>\u00b7<\/span>\n                              <span class=\"\">01\/05\/2026<\/span>\n                          <\/div>\n\n            <div class=\"pressclipping-box__item__title\">\n              <a href=\"https:\/\/www.uvigo.gal\/sites\/uvigo.gal\/files\/contents\/clipping\/2026-05\/galii010526.pdf\" target=\"_blank\" rel=\"noopener nofollow\">\n                La Xunta otorga el sello de excelencia a los grados en Farmacia de la USC y en Ingenier\u00eda de la Energ\u00eda de la UVigo\n              <\/a>\n            <\/div>\n\n          <\/div>\n         \n                                        \n          <div class=\"pressclipping-box__item\">\n\n            <div class=\"pressclipping-box__item__meta font-size-sm text-uppercase text-secondary\">\n              <span>La Voz de Galicia<\/span>\n              <span>\u00b7<\/span>\n                              <span class=\"\">29\/04\/2026<\/span>\n                          <\/div>\n\n            <div class=\"pressclipping-box__item__title\">\n              <a href=\"https:\/\/www.lavozdegalicia.es\/noticia\/carballo\/2026\/04\/29\/visto-bueno-ambiental-almacen-baterias-cerceda\/0003_202604C29C2995.htm\" target=\"_blank\" rel=\"noopener nofollow\">\n                Visto bueno ambiental para otro almac\u00e9n de bater\u00edas en Cerceda\n              <\/a>\n            <\/div>\n\n          <\/div>\n         \n                                        \n          <div class=\"pressclipping-box__item\">\n\n            <div class=\"pressclipping-box__item__meta font-size-sm text-uppercase text-secondary\">\n              <span>DUVI<\/span>\n              <span>\u00b7<\/span>\n                              <span class=\"\">28\/04\/2026<\/span>\n                          <\/div>\n\n            <div class=\"pressclipping-box__item__title\">\n              <a href=\"https:\/\/www.uvigo.gal\/universidade\/comunicacion\/duvi\/distintivo-empregabilidade-escola-enxenaria-minas-enerxia\" target=\"_blank\" rel=\"noopener nofollow\">\n                Distintivo de Empregabilidade para a Escola de Enxe\u00f1ar\u00eda de Minas e Enerx\u00eda\n              <\/a>\n            <\/div>\n\n          <\/div>\n         \n                                        \n          <div class=\"pressclipping-box__item\">\n\n            <div class=\"pressclipping-box__item__meta font-size-sm text-uppercase text-secondary\">\n              <span>Faro de Vigo<\/span>\n              <span>\u00b7<\/span>\n                              <span class=\"\">08\/05\/2026<\/span>\n                          <\/div>\n\n            <div class=\"pressclipping-box__item__title\">\n              <a href=\"https:\/\/www.farodevigo.es\/economia\/2026\/05\/08\/gobierno-eficiencia-energetica-edificios-cambios-129981407.html\" target=\"_blank\" rel=\"noopener nofollow\">\n                El Gobierno revoluciona la forma de medir la eficiencia energ\u00e9tica de todos los edificios por el \u2018boom\u2019 de las renovables\n              <\/a>\n            <\/div>\n\n          <\/div>\n        \n        \n    <\/div>\n  <\/div>\n\n  <div class=\"pressclipping-box__more text-right\">\n    <a class=\"btn btn-sm btn-icon btn-reset-min-width pr-4\" href=\"https:\/\/minaseenerxia.uvigo.es\/es\/actualidade\/prensa\/\">\n      Ver todo\n    <\/a>\n  <\/div>\n\n<\/div>\n\n            <\/div>\n          \n        <\/div>\n\n      \n    <\/div>\n\n  <\/div>\n<\/div>\n\n<\/section>\n<section class=\"floor pb-6 mt-3\">\n<div class=\"container\">\n<div class=\"row\">\n<div class=\"col-md-6 col-lg-4\">\n<p class=\"font-size-md font-weight-regular d-flex align-items-center mb-8 px-3\"><img decoding=\"async\" class=\"img-fluid\" src=\"\/wp-content\/uploads\/2024\/07\/igualdade.png\" alt=\"Distintivo de igualdad\" width=\"120\" \/><span class=\"ml-3 mb-5\">La Escuela de Ingenier\u00eda de Minas y Energ\u00eda obtuvo el Distintivo de Igualdad el 8 de abril de 2022.<\/span><\/p>\n<\/div>\n<div class=\"col-md-6 col-lg-4\">\n<p class=\"font-size-md font-weight-regular d-flex align-items-center mb-8 px-3\"><img decoding=\"async\" class=\"img-fluid\" src=\"\/wp-content\/uploads\/2024\/07\/FIDES-AUDIT.png\" alt=\"FIDES-AUDIT\" width=\"120\" \/><span class=\"ml-3 mb-5\">La ACSUG emiti\u00f3 la correspondiente evaluaci\u00f3n positiva del dise\u00f1o del SGC del centro el 27\/07\/2009.<\/span><\/p>\n<\/div>\n<div class=\"col-md-6 col-lg-4\">\n<p class=\"font-size-md font-weight-regular ml-lg-5 px-3 text-center text-lg-left\"><img decoding=\"async\" class=\"img-fluid mb-4\" src=\"\/wp-content\/uploads\/2024\/07\/EURACE.png\" alt=\"EUR-ACE\" width=\"220\" \/><br \/>\nEl M\u00e1ster Universitario en Ingenier\u00eda de Minas cuenta con el certificado europeo de calidad EUR-ACE\u00ae.<\/p>\n<\/div>\n<\/div>\n<p><!--\n\n\n<div class=\"text-center pt-4\"><a class=\"btn btn-outline-primary btn-icon\" href=\"#\">M\u00e1s informaci\u00f3n<\/a><\/div>\n\n\n--><\/p>\n<\/div>\n<\/section>\n","protected":false},"excerpt":{"rendered":"<p>Nuestras titulaciones Grado en Ingenier\u00eda de los Recursos Mineros y Energ\u00e9ticos Grado en Ingenier\u00eda de la Energ\u00eda M\u00e1ster Universitario en Ingenier\u00eda de Minas M\u00e1ster Interuniversitario &hellip; <a class=\"excerpt_more\" href=\"https:\/\/minaseenerxia.uvigo.es\/es\/uvigo-pressclipping\/el-gobierno-revoluciona-la-forma-de-medir-la-eficiencia-energetica-de-todos-los-edificios-por-el-boom-de-las-renovables\/\">Contin\u00faa<\/a><\/p>\n","protected":false},"author":8,"featured_media":0,"parent":0,"menu_order":0,"comment_status":"closed","ping_status":"closed","template":"","meta":{"_acf_changed":false,"footnotes":""},"class_list":["post-10","page","type-page","status-publish","hentry"],"acf":[],"yoast_head":"<title>Inicio | Escola de Enxe\u00f1ar\u00eda de Minas e Enerx\u00eda<\/title>\n<meta name=\"robots\" content=\"index, follow, max-snippet:-1, max-image-preview:large, max-video-preview:-1\" \/>\n<link rel=\"canonical\" href=\"https:\/\/minaseenerxia.uvigo.es\/es\/\" \/>\n<meta property=\"og:locale\" content=\"es_ES\" \/>\n<meta property=\"og:type\" content=\"article\" \/>\n<meta property=\"og:title\" content=\"Inicio | Escola de Enxe\u00f1ar\u00eda de Minas e Enerx\u00eda\" \/>\n<meta property=\"og:description\" content=\"Nuestras titulaciones Grado en Ingenier\u00eda de los Recursos Mineros y Energ\u00e9ticos Grado en Ingenier\u00eda de la Energ\u00eda M\u00e1ster Universitario en Ingenier\u00eda de Minas M\u00e1ster Interuniversitario &hellip; Contin\u00faa\" \/>\n<meta property=\"og:url\" content=\"https:\/\/minaseenerxia.uvigo.es\/es\/\" \/>\n<meta property=\"og:site_name\" content=\"Escola de Enxe\u00f1ar\u00eda de Minas e Enerx\u00eda\" \/>\n<meta property=\"article:modified_time\" content=\"2026-04-17T09:52:50+00:00\" \/>\n<meta name=\"twitter:card\" content=\"summary_large_image\" \/>\n<meta name=\"twitter:label1\" content=\"Est. reading time\" \/>\n\t<meta name=\"twitter:data1\" content=\"2 minutes\" \/>\n<script type=\"application\/ld+json\" class=\"yoast-schema-graph\">{\"@context\":\"https:\/\/schema.org\",\"@graph\":[{\"@type\":\"WebPage\",\"@id\":\"https:\/\/minaseenerxia.uvigo.es\/es\/\",\"url\":\"https:\/\/minaseenerxia.uvigo.es\/es\/\",\"name\":\"Inicio | Escola de Enxe\u00f1ar\u00eda de Minas e Enerx\u00eda\",\"isPartOf\":{\"@id\":\"https:\/\/minaseenerxia.uvigo.es\/es\/#website\"},\"datePublished\":\"2018-11-08T16:13:58+00:00\",\"dateModified\":\"2026-04-17T09:52:50+00:00\",\"inLanguage\":\"es-ES\",\"potentialAction\":[{\"@type\":\"ReadAction\",\"target\":[\"https:\/\/minaseenerxia.uvigo.es\/es\/\"]}]},{\"@type\":\"WebSite\",\"@id\":\"https:\/\/minaseenerxia.uvigo.es\/es\/#website\",\"url\":\"https:\/\/minaseenerxia.uvigo.es\/es\/\",\"name\":\"Escola de Enxe\u00f1ar\u00eda de Minas e Enerx\u00eda\",\"description\":\"Sitio web da emE\",\"publisher\":{\"@id\":\"https:\/\/minaseenerxia.uvigo.es\/es\/#organization\"},\"potentialAction\":[{\"@type\":\"SearchAction\",\"target\":{\"@type\":\"EntryPoint\",\"urlTemplate\":\"https:\/\/minaseenerxia.uvigo.es\/es\/?s={search_term_string}\"},\"query-input\":{\"@type\":\"PropertyValueSpecification\",\"valueRequired\":true,\"valueName\":\"search_term_string\"}}],\"inLanguage\":\"es-ES\"},{\"@type\":\"Organization\",\"@id\":\"https:\/\/minaseenerxia.uvigo.es\/es\/#organization\",\"name\":\"Escola de Enxe\u00f1ar\u00eda de Minas e Enerx\u00eda\",\"url\":\"https:\/\/minaseenerxia.uvigo.es\/es\/\",\"logo\":{\"@type\":\"ImageObject\",\"inLanguage\":\"es-ES\",\"@id\":\"https:\/\/minaseenerxia.uvigo.es\/es\/#\/schema\/logo\/image\/\",\"url\":\"https:\/\/minaseenerxia.uvigo.es\/wp-content\/uploads\/2024\/07\/logo-eeme.png\",\"contentUrl\":\"https:\/\/minaseenerxia.uvigo.es\/wp-content\/uploads\/2024\/07\/logo-eeme.png\",\"width\":998,\"height\":450,\"caption\":\"Escola de Enxe\u00f1ar\u00eda de Minas e Enerx\u00eda\"},\"image\":{\"@id\":\"https:\/\/minaseenerxia.uvigo.es\/es\/#\/schema\/logo\/image\/\"}}]}<\/script>","yoast_head_json":{"title":"Inicio | Escola de Enxe\u00f1ar\u00eda de Minas e Enerx\u00eda","robots":{"index":"index","follow":"follow","max-snippet":"max-snippet:-1","max-image-preview":"max-image-preview:large","max-video-preview":"max-video-preview:-1"},"canonical":"https:\/\/minaseenerxia.uvigo.es\/es\/","og_locale":"es_ES","og_type":"article","og_title":"Inicio | Escola de Enxe\u00f1ar\u00eda de Minas e Enerx\u00eda","og_description":"Nuestras titulaciones Grado en Ingenier\u00eda de los Recursos Mineros y Energ\u00e9ticos Grado en Ingenier\u00eda de la Energ\u00eda M\u00e1ster Universitario en Ingenier\u00eda de Minas M\u00e1ster Interuniversitario &hellip; Contin\u00faa","og_url":"https:\/\/minaseenerxia.uvigo.es\/es\/","og_site_name":"Escola de Enxe\u00f1ar\u00eda de Minas e Enerx\u00eda","article_modified_time":"2026-04-17T09:52:50+00:00","twitter_card":"summary_large_image","twitter_misc":{"Est. reading time":"2 minutes"},"schema":{"@context":"https:\/\/schema.org","@graph":[{"@type":"WebPage","@id":"https:\/\/minaseenerxia.uvigo.es\/es\/","url":"https:\/\/minaseenerxia.uvigo.es\/es\/","name":"Inicio | Escola de Enxe\u00f1ar\u00eda de Minas e Enerx\u00eda","isPartOf":{"@id":"https:\/\/minaseenerxia.uvigo.es\/es\/#website"},"datePublished":"2018-11-08T16:13:58+00:00","dateModified":"2026-04-17T09:52:50+00:00","inLanguage":"es-ES","potentialAction":[{"@type":"ReadAction","target":["https:\/\/minaseenerxia.uvigo.es\/es\/"]}]},{"@type":"WebSite","@id":"https:\/\/minaseenerxia.uvigo.es\/es\/#website","url":"https:\/\/minaseenerxia.uvigo.es\/es\/","name":"Escola de Enxe\u00f1ar\u00eda de Minas e Enerx\u00eda","description":"Sitio web da emE","publisher":{"@id":"https:\/\/minaseenerxia.uvigo.es\/es\/#organization"},"potentialAction":[{"@type":"SearchAction","target":{"@type":"EntryPoint","urlTemplate":"https:\/\/minaseenerxia.uvigo.es\/es\/?s={search_term_string}"},"query-input":{"@type":"PropertyValueSpecification","valueRequired":true,"valueName":"search_term_string"}}],"inLanguage":"es-ES"},{"@type":"Organization","@id":"https:\/\/minaseenerxia.uvigo.es\/es\/#organization","name":"Escola de Enxe\u00f1ar\u00eda de Minas e Enerx\u00eda","url":"https:\/\/minaseenerxia.uvigo.es\/es\/","logo":{"@type":"ImageObject","inLanguage":"es-ES","@id":"https:\/\/minaseenerxia.uvigo.es\/es\/#\/schema\/logo\/image\/","url":"https:\/\/minaseenerxia.uvigo.es\/wp-content\/uploads\/2024\/07\/logo-eeme.png","contentUrl":"https:\/\/minaseenerxia.uvigo.es\/wp-content\/uploads\/2024\/07\/logo-eeme.png","width":998,"height":450,"caption":"Escola de Enxe\u00f1ar\u00eda de Minas e Enerx\u00eda"},"image":{"@id":"https:\/\/minaseenerxia.uvigo.es\/es\/#\/schema\/logo\/image\/"}}]}},"_links":{"self":[{"href":"https:\/\/minaseenerxia.uvigo.es\/es\/wp-json\/wp\/v2\/pages\/10"}],"collection":[{"href":"https:\/\/minaseenerxia.uvigo.es\/es\/wp-json\/wp\/v2\/pages"}],"about":[{"href":"https:\/\/minaseenerxia.uvigo.es\/es\/wp-json\/wp\/v2\/types\/page"}],"author":[{"embeddable":true,"href":"https:\/\/minaseenerxia.uvigo.es\/es\/wp-json\/wp\/v2\/users\/8"}],"replies":[{"embeddable":true,"href":"https:\/\/minaseenerxia.uvigo.es\/es\/wp-json\/wp\/v2\/comments?post=10"}],"version-history":[{"count":14,"href":"https:\/\/minaseenerxia.uvigo.es\/es\/wp-json\/wp\/v2\/pages\/10\/revisions"}],"predecessor-version":[{"id":270845,"href":"https:\/\/minaseenerxia.uvigo.es\/es\/wp-json\/wp\/v2\/pages\/10\/revisions\/270845"}],"wp:attachment":[{"href":"https:\/\/minaseenerxia.uvigo.es\/es\/wp-json\/wp\/v2\/media?parent=10"}],"curies":[{"name":"wp","href":"https:\/\/api.w.org\/{rel}","templated":true}]}}